{"id":662,"date":"2021-02-24T08:10:50","date_gmt":"2021-02-24T08:10:50","guid":{"rendered":"http:\/\/dialog-der-kuenste.de\/?page_id=662"},"modified":"2024-04-30T05:37:44","modified_gmt":"2024-04-30T05:37:44","slug":"allein-saison-2021-22","status":"publish","type":"page","link":"https:\/\/dialog-der-kuenste.de\/?page_id=662","title":{"rendered":"SAISON 2021"},"content":{"rendered":"\n<p><\/p>\n\n\n\n<figure class=\"wp-block-image size-2048x2048\"><img loading=\"lazy\" decoding=\"async\" width=\"1451\" height=\"2048\" src=\"http:\/\/dialog-der-kuenste.de\/wp-content\/uploads\/2021\/02\/DdK_Saison_2021_Absenz_copyright_CKuhlo-1451x2048.jpg\" alt=\"\" class=\"wp-image-665\" srcset=\"https:\/\/dialog-der-kuenste.de\/wp-content\/uploads\/2021\/02\/DdK_Saison_2021_Absenz_copyright_CKuhlo-1451x2048.jpg 1451w, https:\/\/dialog-der-kuenste.de\/wp-content\/uploads\/2021\/02\/DdK_Saison_2021_Absenz_copyright_CKuhlo-213x300.jpg 213w, https:\/\/dialog-der-kuenste.de\/wp-content\/uploads\/2021\/02\/DdK_Saison_2021_Absenz_copyright_CKuhlo-726x1024.jpg 726w, https:\/\/dialog-der-kuenste.de\/wp-content\/uploads\/2021\/02\/DdK_Saison_2021_Absenz_copyright_CKuhlo-768x1084.jpg 768w, https:\/\/dialog-der-kuenste.de\/wp-content\/uploads\/2021\/02\/DdK_Saison_2021_Absenz_copyright_CKuhlo-1088x1536.jpg 1088w, https:\/\/dialog-der-kuenste.de\/wp-content\/uploads\/2021\/02\/DdK_Saison_2021_Absenz_copyright_CKuhlo.jpg 1772w\" sizes=\"(max-width: 1451px) 100vw, 1451px\" \/><\/figure>\n\n\n\n<p class=\"has-text-align-right\"><em>Absenz<\/em> \u00a9 Christian Kuhlo, 2021<\/p>\n\n\n\n<p style=\"font-size:60px\"><em>allein<\/em><\/p>\n\n\n\n<p style=\"font-size:26px\">Die <em>Dialog der K\u00fcnste<\/em>-Saison unter dem Titel \u201e<em>allein<\/em>\u201c erstreckt sich erstmalig \u00fcber zwei Jahre.<\/p>\n\n\n\n<p style=\"font-size:26px\">Die zwei in 2021 geplanten Projekte besch\u00e4ftigen sich mit dem Schicksal von Menschen, die aufgrund ihres Lebensweges, ihrer Taten oder ihres Charakters allein dastehen. Sie sind isoliert, haben sich von der Gesellschaft entfernt oder sich in eine Situation gebracht, die sie in einem inneren Konflikt auf sich selbst zur\u00fcckwerfen.<\/p>\n\n\n\n<p style=\"font-size:26px\">Das \u2013 wenn auch nur empfundene \u2013 Alleinsein f\u00fchrt zwangsl\u00e4ufig zur Auseinandersetzung mit sich selbst und dem eigenen Leben, der belastenden Vergangenheit, oft in Relation der Beziehung zu Mitmenschen, und dem damit verbundenen Scheitern. So treibt auch der Druck des Gewissens, hervorgerufen durch eigene Verfehlungen und \u00b4S\u00fcnden\u00b4, in die Selbstreflexion und letztlich auch zum Urteil \u00fcber sich selbst. Die Schmerzlichkeit der selbstkritischen Innenschau, der letztlich nichts verborgen bleibt und daher gr\u00f6\u00dftm\u00f6gliche Aufrichtigkeit m\u00f6glich macht, wenn sie nicht gegenteilig in die Selbstverleugnung f\u00fchrt, kann eine eigene Erl\u00f6sung bewirken, aber auch in der Sinnlosigkeit des Daseins und der Negierung des (Zusammen-)Lebens enden.&nbsp;<\/p>\n\n\n\n<p style=\"font-size:26px\">Die durch k\u00fcnstlerische Abstraktion geschaffene Anteilnahme am Schicksal vereinsamter oder ausgesto\u00dfener Menschen wollen wir anhand besonders nuancierter und nahegehender Werke von Benjamin BRITTEN, Modest MUSSORGSKIJ und Fjodor DOSTOJEWSKIJ dem Publikum nahebringen \u2013 in Form von reduzierten, zuspitzenden Inszenierungen. Dies sind musikalische Psychogramme, die \u00e4u\u00dferst differenziert die Entwicklung der Protagonisten erlebbar machen. Ihr Gewissen wird hier in ergreifender Weise musikalisch ausgebreitet.<\/p>\n\n\n\n<p style=\"font-size:22px\"><\/p>\n\n\n\n<p class=\"has-white-color has-text-color\" style=\"font-size:24px\">*<\/p>\n\n\n\n<p class=\"has-white-color has-text-color\" style=\"font-size:26px\">*<\/p>\n\n\n\n<figure class=\"wp-block-image size-2048x2048\"><img loading=\"lazy\" decoding=\"async\" width=\"1451\" height=\"2048\" src=\"https:\/\/dialog-der-kuenste.de\/wp-content\/uploads\/2021\/08\/DdK_Plakat_021021_net-1451x2048.jpg\" alt=\"\" class=\"wp-image-1056\" srcset=\"https:\/\/dialog-der-kuenste.de\/wp-content\/uploads\/2021\/08\/DdK_Plakat_021021_net-1451x2048.jpg 1451w, https:\/\/dialog-der-kuenste.de\/wp-content\/uploads\/2021\/08\/DdK_Plakat_021021_net-213x300.jpg 213w, https:\/\/dialog-der-kuenste.de\/wp-content\/uploads\/2021\/08\/DdK_Plakat_021021_net-726x1024.jpg 726w, https:\/\/dialog-der-kuenste.de\/wp-content\/uploads\/2021\/08\/DdK_Plakat_021021_net-768x1084.jpg 768w, https:\/\/dialog-der-kuenste.de\/wp-content\/uploads\/2021\/08\/DdK_Plakat_021021_net-1088x1536.jpg 1088w, https:\/\/dialog-der-kuenste.de\/wp-content\/uploads\/2021\/08\/DdK_Plakat_021021_net.jpg 1772w\" sizes=\"(max-width: 1451px) 100vw, 1451px\" \/><\/figure>\n\n\n\n<p><\/p>\n\n\n\n<p><\/p>\n\n\n\n<p class=\"has-text-align-center has-vivid-purple-color has-text-color\" style=\"font-size:34px\">2. Oktober 2021 &#8211; 19.30 Uhr &#8211; Ramberg-Saal \/ K\u00fcnstlerhaus<\/p>\n\n\n\n<p class=\"has-text-align-center has-vivid-purple-color has-text-color\" style=\"font-size:30px\">Sophienstra\u00dfe 2, 30159 Hannover <\/p>\n\n\n\n<p class=\"has-text-align-center has-vivid-purple-color has-text-color\" style=\"font-size:30px\"><a href=\"https:\/\/www.vvk-kuenstlerhaus.de\/cgi-bin\/showVera.pl?session=a9J8aDTxWHm00jbouJxGN7pVAsFkvEHe390V2acm5F&amp;month=10\">(Karten)<\/a><\/p>\n\n\n\n<p class=\"has-white-color has-text-color\" style=\"font-size:24px\">*<\/p>\n\n\n\n<p class=\"has-vivid-purple-color has-luminous-vivid-amber-background-color has-text-color has-background has-large-font-size\">TRAUM EINES L\u00c4CHERLICHEN MENSCHEN<\/p>\n\n\n\n<p>                     <\/p>\n\n\n\n<p class=\"has-white-color has-text-color\" style=\"font-size:24px\">*<\/p>\n\n\n\n<p class=\"has-vivid-purple-color has-text-color\" style=\"font-size:26px\">Fjodor DOSTOJEWSKIJ&nbsp;(1821-81)<br>\u0301Der Traum eines l\u00e4cherlichen Menschen \u0301  &#8211;  Eine fantastische Erz\u00e4hlung  (1877)<\/p>\n\n\n\n<p class=\"has-vivid-purple-color has-text-color\" style=\"font-size:26px\">Sofia GUBAIDULINA&nbsp; (*1931)<br>\u0301Et exspecto \u0301 Sonate f\u00fcr Bajan solo&nbsp;(1985)  (fragmentar.)<\/p>\n\n\n\n<p class=\"has-vivid-purple-color has-text-color\" style=\"font-size:26px\">J. S. BACH&nbsp; (1685-1750)<br>Partita in d-Moll, BWV 1004 (Bearbeitung f\u00fcr Bajan &#8211; fragmentar.) <\/p>\n\n\n\n<p class=\"has-vivid-purple-color has-text-color\" style=\"font-size:26px\">Felix LEUSCHNER<br>\u00b4Inner Noise\u00b4 &#8211;  Electronica Soulscapes<\/p>\n\n\n\n<p><\/p>\n\n\n\n<p class=\"has-vivid-purple-color has-text-color\" style=\"font-size:24px\">______________________<\/p>\n\n\n\n<p>                         <\/p>\n\n\n\n<p class=\"has-vivid-purple-color has-text-color\" style=\"font-size:26px\">Rezitation \u2013 Mathias Max Herrmann, Nds. Staatstheater Hannover <a href=\"https:\/\/staatstheater-hannover.de\/de_DE\/ensemble-schauspiel\/mathias-max-herrmann.169215\">(Info)<\/a><\/p>\n\n\n\n<p class=\"has-vivid-purple-color has-text-color\" style=\"font-size:26px\">Bajan \u2013 Kostyantin Buryan, Hannover<\/p>\n\n\n\n<p class=\"has-vivid-purple-color has-text-color\" style=\"font-size:26px\">Electronica \u2013 Felix Leuschner, Frankfurt <a href=\"http:\/\/felixleuschner.de\/\">(Info)<\/a><\/p>\n\n\n\n<p class=\"has-vivid-purple-color has-text-color\" style=\"font-size:26px\">Video-Art \u2013 Tosh Leykum, Hannover <a href=\"http:\/\/www.tosh-leykum.de\">(Info)<\/a><\/p>\n\n\n\n<p class=\"has-vivid-purple-color has-text-color\" style=\"font-size:24px\">______________________<\/p>\n\n\n\n<figure class=\"wp-block-image size-large\"><img loading=\"lazy\" decoding=\"async\" width=\"1024\" height=\"517\" src=\"https:\/\/dialog-der-kuenste.de\/wp-content\/uploads\/2021\/07\/Fjodor-Dostojewski_Vasily_Perov_Google_Art_Project-1024x517.jpg\" alt=\"\" class=\"wp-image-968\" srcset=\"https:\/\/dialog-der-kuenste.de\/wp-content\/uploads\/2021\/07\/Fjodor-Dostojewski_Vasily_Perov_Google_Art_Project-1024x517.jpg 1024w, https:\/\/dialog-der-kuenste.de\/wp-content\/uploads\/2021\/07\/Fjodor-Dostojewski_Vasily_Perov_Google_Art_Project-300x151.jpg 300w, https:\/\/dialog-der-kuenste.de\/wp-content\/uploads\/2021\/07\/Fjodor-Dostojewski_Vasily_Perov_Google_Art_Project-768x388.jpg 768w, https:\/\/dialog-der-kuenste.de\/wp-content\/uploads\/2021\/07\/Fjodor-Dostojewski_Vasily_Perov_Google_Art_Project-1536x775.jpg 1536w, https:\/\/dialog-der-kuenste.de\/wp-content\/uploads\/2021\/07\/Fjodor-Dostojewski_Vasily_Perov_Google_Art_Project.jpg 1860w\" sizes=\"(max-width: 1024px) 100vw, 1024px\" \/><\/figure>\n\n\n\n<p class=\"has-vivid-purple-color has-text-color\" style=\"font-size:24px\">Wir inszenieren DOSTOJEWSKIJs fantastische Novelle als hybrid-szenische Rezitation verbunden mit Sofia Gubaidulina religi\u00f6s gepr\u00e4gtem \u201eEt exspecto\u201c f\u00fcr Solo-Bajan, Johann Sebastian Bachs Partita in d-Moll und&nbsp;\u00b4<em>klanglichen Seelenr\u00e4umen\u00b4&nbsp;<\/em>(\u201einner noise\u201c) des Electronica-K\u00fcnstlers und Komponisten Felix Leuschner.<\/p>\n\n\n\n<p class=\"has-vivid-purple-color has-text-color\" style=\"font-size:24px\">Dostojewskijs letzte Erz\u00e4hlung handelt von einem Menschen, der am Rande der Gesellschaft steht. Dieser ist an dem Punkt angekommen, dass er von allen als l\u00e4cherlich angesehen wird. Er beschlie\u00dft, sich selbst das Leben zu nehmen. <\/p>\n\n\n\n<p class=\"has-vivid-purple-color has-text-color\" style=\"font-size:24px\">Da trifft auf der Stra\u00dfe ein kleines verzweifeltes M\u00e4dchen, das ihn um Hilfe anfleht. In Gedanken und gest\u00f6rt auf seinem  \u0301finalen \u0301 Weg weist er es schroff ab. Zur\u00fcck daheim legt er sich seinen Revolver zurecht und ist zur Tat bereit. Doch er muss wieder an die Begegnung mit dem M\u00e4dchen denken, das ihm nicht mehr aus dem Kopf geht. Er wird m\u00fcde und schl\u00e4ft ein&#8230;<\/p>\n\n\n\n<p class=\"has-white-color has-text-color\">*<\/p>\n\n\n\n<figure class=\"wp-block-image size-full\"><img loading=\"lazy\" decoding=\"async\" width=\"1813\" height=\"2560\" src=\"https:\/\/dialog-der-kuenste.de\/wp-content\/uploads\/2021\/09\/Plakat_141121_net-scaled.jpg\" alt=\"\" class=\"wp-image-1077\" srcset=\"https:\/\/dialog-der-kuenste.de\/wp-content\/uploads\/2021\/09\/Plakat_141121_net-scaled.jpg 1813w, https:\/\/dialog-der-kuenste.de\/wp-content\/uploads\/2021\/09\/Plakat_141121_net-213x300.jpg 213w, https:\/\/dialog-der-kuenste.de\/wp-content\/uploads\/2021\/09\/Plakat_141121_net-725x1024.jpg 725w, https:\/\/dialog-der-kuenste.de\/wp-content\/uploads\/2021\/09\/Plakat_141121_net-768x1084.jpg 768w, https:\/\/dialog-der-kuenste.de\/wp-content\/uploads\/2021\/09\/Plakat_141121_net-1088x1536.jpg 1088w, https:\/\/dialog-der-kuenste.de\/wp-content\/uploads\/2021\/09\/Plakat_141121_net-1451x2048.jpg 1451w\" sizes=\"(max-width: 1813px) 100vw, 1813px\" \/><\/figure>\n\n\n\n<p class=\"has-text-align-center has-vivid-red-color has-text-color\" style=\"font-size:37px\">14. November 2021 &#8211; 18.30 Uhr &#8211; Kreuzkirche, Altstadt<\/p>\n\n\n\n<p class=\"has-text-align-center has-vivid-red-color has-text-color\" style=\"font-size:30px\">Kreuzkirchhof 3, 30159 Hannover <\/p>\n\n\n\n<p class=\"has-text-align-center has-vivid-red-color has-text-color\" style=\"font-size:30px\"><a href=\"https:\/\/www.vvk-kuenstlerhaus.de\/cgi-bin\/showVera.pl?session=a9J8aDTxWHm00jbouJxGN7pVAsFkvEHe390V2acm5F&amp;month=11\">(Karten)<\/a><\/p>\n\n\n\n<p><\/p>\n\n\n\n<p class=\"has-white-color has-text-color\" style=\"font-size:24px\">*<\/p>\n\n\n\n<p class=\"has-vivid-red-color has-light-green-cyan-background-color has-text-color has-background has-huge-font-size\">PETER GRIMES    &amp;    BORIS GODUNOW<\/p>\n\n\n\n<p class=\"has-white-color has-text-color\" style=\"font-size:24px\">*<\/p>\n\n\n\n<p class=\"has-vivid-red-color has-text-color\" style=\"font-size:26px\">Modest MUSSORGSKIJ&nbsp;(1839-81)<br>\u00b4Boris Godunow \u0301<br>Szenen &amp; Monologe aus der Oper<\/p>\n\n\n\n<p><\/p>\n\n\n\n<p class=\"has-vivid-red-color has-text-color\" style=\"font-size:26px\">Benjamin BRITTEN&nbsp;(1913-76) <br>\u00b4Peter Grimes \u0301,&nbsp;op. 33<br>Szenen, Monologe &amp; Orchesterzwischenspiele aus der Oper<\/p>\n\n\n\n<p class=\"has-vivid-red-color has-text-color\" style=\"font-size:24px\">______________________<\/p>\n\n\n\n<p class=\"has-vivid-red-color has-text-color\" style=\"font-size:26px\">Tenor \u2013 Robert K\u00fcnzli, Nds. Staatsoper Hannover <a href=\"https:\/\/staatstheater-hannover.de\/de_DE\/ensemble-staatsoper\/robert-kuenzli.169162\">(Info)<\/a><\/p>\n\n\n\n<p class=\"has-vivid-red-color has-text-color\" style=\"font-size:26px\">Bass \u2013 Shavleg Armasi, Nds. Staatsoper Hannover <a href=\"http:\/\/shavleg-armasi.de\">(Info)<\/a><\/p>\n\n\n\n<p class=\"has-vivid-red-color has-text-color\" style=\"font-size:26px\">Sopran \u2013 Sarah Brady, Nds. Staatsoper Hannover <a href=\"https:\/\/staatstheater-hannover.de\/de_DE\/ensemble-staatsoper\/sarah-brady.214545\">(Info)<\/a><\/p>\n\n\n\n<p class=\"has-vivid-red-color has-text-color\" style=\"font-size:26px\">Klavier \u2013 Johannes Nies, Flex Ensemble <a href=\"https:\/\/flexensemble.com\">(Info)<\/a><\/p>\n\n\n\n<p class=\"has-vivid-red-color has-text-color\" style=\"font-size:26px\">Illumination, projizierte Szenerie \u2013 C. Kuhlo<\/p>\n\n\n\n<p class=\"has-vivid-red-color has-text-color\" style=\"font-size:24px\">______________________<\/p>\n\n\n\n<p style=\"font-size:1px\">Die beiden in diesem Konzert pr\u00e4sentierten Opern erscheinen hier reduziert auf das Schicksal des Protagonisten im Sinne eines Psychogramms. Beiden Opern ist eigen, dass sie eine enorme Spanne an Emotionen und psychologischen Nuancen des Hauptdarstellers ausbreiten. Nur jeweils zwei weitere Akteure werden ihnen f\u00fcr kurze Momente zur Seite gestellt. So entsteht ein Art Konzentrat der Geschichte und der Entwicklung der zentralen Figur. Wir bewegen uns so fast allein auf der Ich-Ebene und sind so hautnah am Protagonisten. Diese besondere Form der Auff\u00fchrung vermag es, eine ungew\u00f6hnlich intime und somit intensive Beziehung zu ihnen aufzubauen..<\/p>\n\n\n\n<p><\/p>\n\n\n\n<figure class=\"wp-block-image size-large\"><img loading=\"lazy\" decoding=\"async\" width=\"1024\" height=\"517\" src=\"https:\/\/dialog-der-kuenste.de\/wp-content\/uploads\/2021\/07\/See0-1024x517.jpg\" alt=\"\" class=\"wp-image-964\" srcset=\"https:\/\/dialog-der-kuenste.de\/wp-content\/uploads\/2021\/07\/See0-1024x517.jpg 1024w, https:\/\/dialog-der-kuenste.de\/wp-content\/uploads\/2021\/07\/See0-300x151.jpg 300w, https:\/\/dialog-der-kuenste.de\/wp-content\/uploads\/2021\/07\/See0-768x388.jpg 768w, https:\/\/dialog-der-kuenste.de\/wp-content\/uploads\/2021\/07\/See0-1536x775.jpg 1536w, https:\/\/dialog-der-kuenste.de\/wp-content\/uploads\/2021\/07\/See0.jpg 1860w\" sizes=\"(max-width: 1024px) 100vw, 1024px\" \/><\/figure>\n\n\n\n<p class=\"has-vivid-red-color has-text-color\" style=\"font-size:24px\">In zwei absoluten Kurzfassungen der gro\u00dfen Opern &#8222;Boris Godunow&#8220; und &#8222;Peter Grimes&#8220;, die v\u00f6llig auf die innere Entwicklung des Protagonisten konzentriert sind, m\u00f6chten wir deren pers\u00f6nliche Dramen als fast&nbsp;monologische&nbsp;Psychogramme auf die Essenz verdichten &#8211;&nbsp;nur begleitet durch eine Sopranistin und&nbsp;einen Pianisten.<\/p>\n\n\n\n<p class=\"has-vivid-red-color has-text-color\" style=\"font-size:24px\">BRITTENs zweite Oper erz\u00e4hlt vom Leben des Fischers \u201ePeter Grimes\u201c, der in seinem Dorf unter dem Verdacht steht, f\u00fcr den Tod seines jugendlichen Lehrlings verantwortlich zu sein, vor Gericht aber davon freigesprochen wird. Ohnehin durch seine Eigensinnigkeit und Grobheit am Rande der Gesellschaft stehend, lebt er zunehmend isoliert. Die Einzige, die noch zu ihm h\u00e4lt ist Ellen, eine verwitwete Lehrerin.<\/p>\n\n\n\n<p class=\"has-vivid-red-color has-text-color\" style=\"font-size:24px\">Die Schwere der Arbeit auf See l\u00e4sst Peter jedoch wieder nach bezahlbarer Hilfe suchen, obwohl ein guter Bekannter, Kapit\u00e4n Balstrode, ihm dringend davon abr\u00e4t. Ihm wird eine Junge aus dem Armenhaus vermittelt. Doch sp\u00fcrt Grimes deutlich die zunehmende Ablehnung der Dorfbewohner&#8230; <\/p>\n\n\n\n<p class=\"has-white-color has-text-color\" style=\"font-size:22px\">*<\/p>\n\n\n\n<p class=\"has-vivid-red-color has-text-color\" style=\"font-size:24px\">MUSSORGSKIJs ber\u00fchmte Oper handelt vom Schicksal des Bojaren \u201eBoris Godunow\u201c und der Verlockung der Macht. Nach dem Tod seines Schwagers Fjodor, dem Sohn Iwan des Schrecklichen, l\u00e4sst sich Boris unter dem Jubel der Menge zum neuen Zaren kr\u00f6nen. Er verspricht, gerecht zu herrschen.<\/p>\n\n\n\n<p class=\"has-vivid-red-color has-text-color\" style=\"font-size:24px\">Mit der Zeit erf\u00fcllen ihn die schwere B\u00fcrde seiner Macht \u00fcber das riesige russische Reich, der gl\u00fccklose Verlauf seines Schicksals, Verrat und Aufruhr im Volk mit gro\u00dfer Sorge \u00fcber seine Macht und die Zukunft seines Sohnes Feodor, der ihm als Zar nachfolgen soll. In banger Vorahnung sinnt er: \u201eWie schwer ist doch die Hand des ewigen Herrn und schrecklich dr\u00fcckt der Richterspruch der Seele&#8230;\u201c. Eine schwere S\u00fcnde lastet auf seinem Gewissen, denn Boris hat den rechtm\u00e4\u00dfigen Thronanw\u00e4rter, Fjodors Halbbruder Dmitri, im Kindesalter ermorden lassen, um selbst an die Macht zu kommen&#8230;<\/p>\n\n\n\n<figure class=\"wp-block-image size-large\"><img loading=\"lazy\" decoding=\"async\" width=\"1024\" height=\"517\" src=\"https:\/\/dialog-der-kuenste.de\/wp-content\/uploads\/2021\/07\/Boris_Makro-1024x517.jpg\" alt=\"\" class=\"wp-image-961\" srcset=\"https:\/\/dialog-der-kuenste.de\/wp-content\/uploads\/2021\/07\/Boris_Makro-1024x517.jpg 1024w, https:\/\/dialog-der-kuenste.de\/wp-content\/uploads\/2021\/07\/Boris_Makro-300x151.jpg 300w, https:\/\/dialog-der-kuenste.de\/wp-content\/uploads\/2021\/07\/Boris_Makro-768x388.jpg 768w, https:\/\/dialog-der-kuenste.de\/wp-content\/uploads\/2021\/07\/Boris_Makro-1536x775.jpg 1536w, https:\/\/dialog-der-kuenste.de\/wp-content\/uploads\/2021\/07\/Boris_Makro.jpg 1860w\" sizes=\"(max-width: 1024px) 100vw, 1024px\" \/><\/figure>\n","protected":false},"excerpt":{"rendered":"<p>Absenz \u00a9 Christian Kuhlo, 2021 allein Die Dialog der K\u00fcnste-Saison unter dem Titel \u201eallein\u201c erstreckt sich erstmalig \u00fcber zwei Jahre. Die zwei in 2021 geplanten Projekte besch\u00e4ftigen sich mit dem Schicksal von Menschen, die aufgrund ihres Lebensweges, ihrer Taten oder ihres Charakters allein dastehen. Sie sind isoliert, haben sich von der Gesellschaft entfernt oder sich &#8230; <span class=\"more\"><a class=\"more-link\" href=\"https:\/\/dialog-der-kuenste.de\/?page_id=662\">[Read more&#8230;]<\/a><\/span><\/p>\n","protected":false},"author":1,"featured_media":0,"parent":0,"menu_order":5,"comment_status":"closed","ping_status":"closed","template":"page-full-width.php","meta":{"footnotes":""},"_links":{"self":[{"href":"https:\/\/dialog-der-kuenste.de\/index.php?rest_route=\/wp\/v2\/pages\/662"}],"collection":[{"href":"https:\/\/dialog-der-kuenste.de\/index.php?rest_route=\/wp\/v2\/pages"}],"about":[{"href":"https:\/\/dialog-der-kuenste.de\/index.php?rest_route=\/wp\/v2\/types\/page"}],"author":[{"embeddable":true,"href":"https:\/\/dialog-der-kuenste.de\/index.php?rest_route=\/wp\/v2\/users\/1"}],"replies":[{"embeddable":true,"href":"https:\/\/dialog-der-kuenste.de\/index.php?rest_route=%2Fwp%2Fv2%2Fcomments&post=662"}],"version-history":[{"count":169,"href":"https:\/\/dialog-der-kuenste.de\/index.php?rest_route=\/wp\/v2\/pages\/662\/revisions"}],"predecessor-version":[{"id":1720,"href":"https:\/\/dialog-der-kuenste.de\/index.php?rest_route=\/wp\/v2\/pages\/662\/revisions\/1720"}],"wp:attachment":[{"href":"https:\/\/dialog-der-kuenste.de\/index.php?rest_route=%2Fwp%2Fv2%2Fmedia&parent=662"}],"curies":[{"name":"wp","href":"https:\/\/api.w.org\/{rel}","templated":true}]}}