{"id":215,"date":"2018-05-30T14:48:30","date_gmt":"2018-05-30T14:48:30","guid":{"rendered":"http:\/\/dialog-der-kuenste.de\/?page_id=215"},"modified":"2024-04-30T05:38:25","modified_gmt":"2024-04-30T05:38:25","slug":"saison-201819","status":"publish","type":"page","link":"https:\/\/dialog-der-kuenste.de\/?page_id=215","title":{"rendered":"Saison 2018\/19"},"content":{"rendered":"\n<figure class=\"wp-block-image size-large\"><img loading=\"lazy\" decoding=\"async\" width=\"725\" height=\"1024\" src=\"https:\/\/dialog-der-kuenste.de\/wp-content\/uploads\/2021\/06\/DdK_Plakat-A-1_111118-1-725x1024.jpg\" alt=\"\" class=\"wp-image-910\" srcset=\"https:\/\/dialog-der-kuenste.de\/wp-content\/uploads\/2021\/06\/DdK_Plakat-A-1_111118-1-725x1024.jpg 725w, https:\/\/dialog-der-kuenste.de\/wp-content\/uploads\/2021\/06\/DdK_Plakat-A-1_111118-1-212x300.jpg 212w, https:\/\/dialog-der-kuenste.de\/wp-content\/uploads\/2021\/06\/DdK_Plakat-A-1_111118-1-768x1085.jpg 768w, https:\/\/dialog-der-kuenste.de\/wp-content\/uploads\/2021\/06\/DdK_Plakat-A-1_111118-1-1087x1536.jpg 1087w, https:\/\/dialog-der-kuenste.de\/wp-content\/uploads\/2021\/06\/DdK_Plakat-A-1_111118-1-1449x2048.jpg 1449w, https:\/\/dialog-der-kuenste.de\/wp-content\/uploads\/2021\/06\/DdK_Plakat-A-1_111118-1-scaled.jpg 1811w\" sizes=\"(max-width: 725px) 100vw, 725px\" \/><\/figure>\n\n\n<p><span style=\"color: #dedede;\"><em><span style=\"font-family: Lucida Calligraphy; font-size: 60pt;\">Abschied<\/span><\/em><\/span><\/p>\n<p><span style=\"color: #ff9900; font-family: 'Century Gothic',sans-serif; font-size: 36pt;\">2018<\/span><\/p>\n<p><span style=\"color: #ff9900;\"><span style=\"font-family: 'Century Gothic';\"><span style=\"font-size: x-large;\">____________________________________________1. KONZERT<\/span><\/span><\/span><\/p>\n<p><\/p>\n<p><span style=\"color: #666699;\"><span style=\"font-family: 'Century Gothic',sans-serif; font-size: 28pt;\"><em>REQUIEM&nbsp;&nbsp;&nbsp;&nbsp;&nbsp;&nbsp;&nbsp;&nbsp;&nbsp;&nbsp;&nbsp;&nbsp;&nbsp;&nbsp;&nbsp;&nbsp;&nbsp;&nbsp;&nbsp;&nbsp;&nbsp;&nbsp;&nbsp;&nbsp;&nbsp;&nbsp;&nbsp;&nbsp;&nbsp;&nbsp;&nbsp;&nbsp;&nbsp;&nbsp;&nbsp;&nbsp;&nbsp;&nbsp;&nbsp;&nbsp;&nbsp;&nbsp;&nbsp;&nbsp;&nbsp;&nbsp;&nbsp;&nbsp;&nbsp;<\/em><\/span><\/span><span style=\"color: #666699; font-family: 'Century Gothic',sans-serif; font-size: 12pt;\"><span style=\"color: #ff99cc;\">&nbsp; &nbsp;<\/span>&nbsp; <\/span><\/p>\n<p><span style=\"color: #666699; font-family: 'Century Gothic',sans-serif; font-size: 18pt;\">11.11.2018 \u2013 18.00 Uhr | K\u00fcnstlerhaus \/ Joseph-Joachim-Saal<\/span><\/p>\n<p><span style=\"color: #666699; font-family: 'Century Gothic',sans-serif; font-size: 18pt;\"><span style=\"color: #ff6600;\"><span style=\"color: #ff9900;\">* * * *<span style=\"color: #ff6600; font-family: 'Century Gothic',sans-serif; font-size: 10pt;\"><br><\/span><\/span><\/span><\/span><\/p>\n<p><span style=\"color: #666699; font-family: 'Century Gothic',sans-serif; font-size: 18pt;\">ANNA ACHMATOWA<\/span><\/p>\n<p><span style=\"color: #666699; font-family: 'Century Gothic',sans-serif; font-size: 18pt;\">&nbsp;&nbsp; \u201eRequiem\u201c (Gedichtzyklus)<\/span><\/p>\n<p><span style=\"color: #666699; font-family: 'Century Gothic',sans-serif; font-size: 18pt;\">DMITRI SCHOSTAKOWITSCH<\/span><\/p>\n<p><span style=\"color: #666699; font-family: 'Century Gothic',sans-serif; font-size: 18pt;\">&nbsp;&nbsp; Klavierquintett in g-Moll, op. 57<\/span><\/p>\n<p><span style=\"color: #666699; font-family: 'Century Gothic',sans-serif; font-size: 18pt;\">J. S. BACH<\/span><\/p>\n<p><span style=\"color: #666699; font-family: 'Century Gothic',sans-serif; font-size: 18pt;\">&nbsp;&nbsp; \u201eDie Kunst der Fuge\u201c, BWV 1080 (Ausz\u00fcge) <\/span><\/p>\n<p><span style=\"color: #666699; font-family: 'Century Gothic',sans-serif; font-size: 18pt;\">MIECZYS\u0141AW WEINBERG<\/span><\/p>\n<p><span style=\"color: #666699; font-family: 'Century Gothic',sans-serif; font-size: 18pt;\">&nbsp;&nbsp; Klavierquintett in f-Moll, op. 18<\/span><\/p>\n<p><span style=\"color: #666699; font-family: 'Century Gothic',sans-serif; font-size: 18pt;\"><span style=\"color: #ff6600;\"><span style=\"color: #ff9900;\">* * * *<\/span><br><\/span><\/span><\/p>\n<p><span style=\"color: #666699; font-family: 'Century Gothic',sans-serif; font-size: 18pt;\">Johanna Bantzer \u2013 Rezitation, Nds. Schauspielhaus<\/span><\/p>\n<p><span style=\"color: #666699; font-family: 'Century Gothic',sans-serif; font-size: 18pt;\">Mark Gothoni \u2013 Violine, Orpheus Quartett&nbsp;&nbsp; <a href=\"http:\/\/www.orpheus-quartet.com\/?page_id=5\"><span style=\"color: #99ccff;\">(Info)<\/span><\/a><\/span><\/p>\n<p><em><span style=\"color: #666699; font-family: 'Century Gothic',sans-serif; font-size: 18pt;\">&nbsp;&nbsp; FLEX ENSEMBLE&nbsp;&nbsp; <\/span><\/em><a href=\"http:\/\/flexensemble.com\/\"><span style=\"color: #99ccff; font-family: 'Century Gothic',sans-serif; font-size: 18pt;\">(Info)<\/span><\/a><\/p>\n<p><span style=\"color: #666699; font-family: 'Century Gothic',sans-serif; font-size: 18pt;\">Kana Sugimura \u2013 Violine<\/span><\/p>\n<p><span style=\"color: #666699; font-family: 'Century Gothic',sans-serif; font-size: 18pt;\">Anna Szulc-Kapala \u2013 Viola<\/span><\/p>\n<p><span style=\"color: #666699; font-family: 'Century Gothic',sans-serif; font-size: 18pt;\">Martha Bijlsma \u2013 Cello<\/span><\/p>\n<p><span style=\"color: #666699; font-family: 'Century Gothic',sans-serif; font-size: 18pt;\">Endri Nini \u2013 Klavier<\/span><\/p>\n<p><span style=\"color: #ff6600; font-family: 'Century Gothic',sans-serif; font-size: 18pt;\"><span style=\"color: #ff9900;\">* * * * *<\/span><br><\/span><\/p>\n<p><span style=\"color: #666699; font-family: 'Century Gothic',sans-serif; font-size: 18pt;\">ACHMATOWAS Jahrhundertgedicht gilt mit seiner karg-edlen, kristallinen Lyrik als das literarische Zeugnis der Auflehnung gegen die stalinistische Gewaltherrschaft. Das ergreifende Klagelied der wohl gr\u00f6\u00dften russischen Dichterin entstand in den sp\u00e4ten drei\u00dfiger Jahren und ist der Trauer und dem Gedenken all derer gewidmet, die im stalinistischen Terror unterdr\u00fcckt, misshandelt oder ermordet wurden. Auch ihr Sohn war lange Jahre inhaftiert, letztlich als menschliches Pfand, um in grausamer Weise ihren modernen, freiheitsdr\u00e4ngenden Geist kontrollieren zu k\u00f6nnen. Ihr \u201eRequiem\u201c ist so ein Abschiednehmen insbesondere von allen damals mit ihr leidenden M\u00fcttern und Frauen mit dem Versprechen, literarisches Ged\u00e4chtnis dieser Zeit und der Menschen zu sein. <\/span><\/p>\n<p><span style=\"color: #666699; font-family: 'Century Gothic',sans-serif; font-size: 18pt;\">Die inszenierte Rezitation der Lyrik Achmatowas wechselt sich mit S\u00e4tzen aus den beiden gro\u00dfen Klavierquintetten SCHOSTAKOWITSCHS und dessen in Polen geb\u00fcrtigen Sch\u00fclers WEINBERG ab. Beide Werke sind gepr\u00e4gt von Melancholie, innerer Unruhe und Aufruhr. So spricht aus ihnen sowohl der nach Neuem strebende, freiheitliche Geist sowie eine gro\u00dfe Innerlichkeit und Verletzlichkeit angesichts der Bedrohung durch die sowjetische F\u00fchrung.<\/span><\/p>\n<p><span style=\"color: #666699; font-family: 'Century Gothic',sans-serif; font-size: 18pt;\">Daneben treten ausgew\u00e4hlte Kontrapunkte aus BACHS finalem Werk: \u201eDie Kunst der Fuge\u201c, dessen perfekte Strenge, Erhabenheit und gedankliche Klarheit der Ausstrahlung und dem Wirken Achmatowas verwandt sind.<br><\/span><\/p>\n<p><span style=\"color: #ff9900; font-family: 'Century Gothic',sans-serif; font-size: 36pt;\">2019<\/span><\/p>\n<p><span style=\"color: #ff7abd; font-family: 'Century Gothic',sans-serif; font-size: 18pt;\"><span style=\"font-family: 'Century Gothic',sans-serif; font-size: 18pt;\"><span style=\"color: #ff9900; font-family: 'Century Gothic',sans-serif; font-size: 18pt;\"><span style=\"font-family: 'Century Gothic';\">____________________________________________2. KONZERT<\/span><\/span><\/span><\/span><\/p>\n<p><img loading=\"lazy\" decoding=\"async\" class=\"wp-image-427 size-full aligncenter\" src=\"http:\/\/dialog-der-kuenste.de\/wp-content\/uploads\/2019\/02\/DdK_Plakat_130419.jpg\" width=\"1772\" height=\"2503\" srcset=\"https:\/\/dialog-der-kuenste.de\/wp-content\/uploads\/2019\/02\/DdK_Plakat_130419.jpg 1772w, https:\/\/dialog-der-kuenste.de\/wp-content\/uploads\/2019\/02\/DdK_Plakat_130419-212x300.jpg 212w, https:\/\/dialog-der-kuenste.de\/wp-content\/uploads\/2019\/02\/DdK_Plakat_130419-768x1085.jpg 768w, https:\/\/dialog-der-kuenste.de\/wp-content\/uploads\/2019\/02\/DdK_Plakat_130419-725x1024.jpg 725w\" sizes=\"(max-width: 1772px) 100vw, 1772px\" \/><\/p>\n<p><span style=\"font-family: 'Century Gothic',sans-serif; font-size: 28pt;\"><em><span style=\"color: #d45d98;\">DIE SANFTE<\/span>&nbsp;&nbsp;&nbsp;&nbsp;&nbsp;&nbsp;&nbsp;&nbsp;&nbsp;&nbsp;&nbsp;&nbsp;&nbsp;&nbsp;&nbsp;&nbsp;&nbsp;&nbsp;&nbsp;&nbsp;&nbsp;&nbsp;&nbsp;&nbsp;&nbsp;&nbsp;&nbsp;&nbsp;&nbsp;&nbsp;&nbsp;&nbsp;&nbsp;&nbsp;&nbsp;&nbsp;&nbsp;&nbsp;&nbsp;&nbsp;&nbsp;&nbsp;&nbsp;&nbsp;&nbsp;&nbsp;&nbsp;<\/em><span style=\"color: #ff99cc;\"><a style=\"color: #ff99cc;\" href=\"http:\/\/www.vvk-kuenstlerhaus.de\/cgi-bin\/showVera.pl?session=V1RYHdkiIsBxLrakUeL3d7GxWmtDS69lVAZ&amp;month=4\"><span style=\"font-size: 18pt;\">(Karten)<\/span><\/a><\/span><\/span><\/p>\n<p><span style=\"color: #bf608f; font-family: 'Century Gothic',sans-serif; font-size: 18pt;\"><span style=\"font-family: 'Century Gothic',sans-serif; font-size: 18pt;\">13.4.2019 \u2013 19.30 Uhr<\/span> | K\u00fcnstlerhaus \/ Ramberg\u2013Saal<br><\/span><\/p>\n<p><span style=\"color: #ff9900; font-family: 'Century Gothic',sans-serif; font-size: 18pt;\"><span style=\"font-family: 'Century Gothic',sans-serif; font-size: 18pt;\">* * *<\/span><\/span><\/p>\n<p><span style=\"color: #bf608f; font-family: 'Century Gothic',sans-serif; font-size: 18pt;\"><span style=\"font-family: 'Century Gothic',sans-serif; font-size: 18pt;\">FJODOR DOSTOJEWSKI<\/span><\/span><\/p>\n<p><span style=\"color: #bf608f; font-family: 'Century Gothic',sans-serif; font-size: 18pt;\"><span style=\"font-family: 'Century Gothic',sans-serif; font-size: 18pt;\">&nbsp;&nbsp; \u201eDie Sanfte\u201c (Eine fantastische Erz\u00e4hlung)<\/span><\/span><\/p>\n<p><span style=\"color: #bf608f; font-family: 'Century Gothic',sans-serif; font-size: 18pt;\"><span style=\"font-family: 'Century Gothic',sans-serif; font-size: 18pt;\">SERGEJ PROKOFJEW<\/span><\/span><\/p>\n<p><span style=\"color: #bf608f; font-family: 'Century Gothic',sans-serif; font-size: 18pt;\"><span style=\"font-family: 'Century Gothic',sans-serif; font-size: 18pt;\">&nbsp;&nbsp; \u201eLieder ohne Worte\u201c, op. 35 a<\/span><\/span><\/p>\n<p><span style=\"color: #bf608f; font-family: 'Century Gothic',sans-serif; font-size: 18pt;\"><span style=\"font-family: 'Century Gothic',sans-serif; font-size: 18pt;\">SOFIA GUBAIDULINA<\/span><\/span><\/p>\n<p><span style=\"color: #bf608f; font-family: 'Century Gothic',sans-serif; font-size: 18pt;\"><span style=\"font-family: 'Century Gothic',sans-serif; font-size: 18pt;\">&nbsp;&nbsp; \u201eFreue Dich!\u201c f\u00fcr Violine &amp; Cello<\/span><\/span><\/p>\n<p><span style=\"color: #bf608f; font-family: 'Century Gothic',sans-serif; font-size: 18pt;\"><span style=\"font-family: 'Century Gothic',sans-serif; font-size: 18pt;\">ALFRED SCHNITTKE<\/span><\/span><\/p>\n<p><span style=\"color: #bf608f; font-family: 'Century Gothic',sans-serif; font-size: 18pt;\"><span style=\"font-family: 'Century Gothic',sans-serif; font-size: 18pt;\">&nbsp;&nbsp; 1. Sonate f\u00fcr Cello &amp; Klavier<\/span><\/span><\/p>\n<p><span style=\"color: #ff9900; font-family: 'Century Gothic',sans-serif; font-size: 18pt;\">* * * *<\/span><\/p>\n<p><span style=\"color: #bf608f; font-family: 'Century Gothic',sans-serif; font-size: 18pt;\">Matthias Neukirch \u2013 Rezitation, Schauspielhaus Z\u00fcrich&nbsp;&nbsp; <span style=\"color: #99ccff;\"><a style=\"color: #99ccff;\" href=\"https:\/\/www.schauspielhaus.ch\/de\/ensemble\/schauspieler\/752-Matthias-Neukirch\">(Info)<\/a><\/span><\/span><\/p>\n<p><span style=\"color: #bf608f; font-family: 'Century Gothic',sans-serif; font-size: 18pt;\">Lucja Madziar \u2013 Violine, Konzertmeisterin &#8211; Nds. Staatsoper&nbsp;&nbsp; <span style=\"color: #99ccff;\"><a style=\"color: #99ccff;\" href=\"http:\/\/lucjamadziar.com\/\">(Info)<\/a><\/span><\/span><\/p>\n<p><span style=\"color: #bf608f; font-family: 'Century Gothic',sans-serif; font-size: 18pt;\">Nikolai Schneider \u2013 Cello, Solist &#8211; NDR Radiophilharmonie&nbsp;&nbsp; <span style=\"color: #99ccff;\"><a style=\"color: #99ccff;\" href=\"https:\/\/www.ndr.de\/orchester_chor\/radiophilharmonie\/Nikolai-Schneider,schneider766.html\">(Info)<\/a><\/span><\/span><\/p>\n<p><span style=\"color: #bf608f; font-family: 'Century Gothic',sans-serif; font-size: 18pt;\">Kostyantin Buryan \u2013 Bajan<\/span><\/p>\n<p><span style=\"color: #bf608f; font-family: 'Century Gothic',sans-serif; font-size: 18pt;\">Wassilissa List&nbsp;\u2013 Jungschauspielerin<\/span><\/p>\n<p><span style=\"color: #bf608f; font-family: 'Century Gothic',sans-serif; font-size: 18pt;\">Tosh Leykum \u2013 VJ&nbsp;&nbsp; <span style=\"color: #99ccff;\"><a style=\"color: #99ccff;\" href=\"http:\/\/www.tosh-leykum.de\/\">(Info)<\/a><\/span><\/span><\/p>\n<p><span style=\"color: #ff9900; font-family: 'Century Gothic',sans-serif; font-size: 18pt;\">* * * * *<\/span><\/p>\n<p><span style=\"color: #db7dac; font-family: 'Century Gothic',sans-serif; font-size: 18pt;\"><span style=\"font-family: 'Century Gothic',sans-serif; font-size: 18pt;\">DOSTOJEWSKIS sp\u00e4te Erz\u00e4hlung \u2013 hier als hybrid-szenisches Kammerspiel \u2013 ist der innere Monolog eines Mannes, der sein gemeinsames Leben mit seiner wesentlich j\u00fcngeren Frau von der ersten Begegnung in seiner Pfandleihe an zur\u00fcckblickend schildert. Ihre aussichtslose Notsituation ausnutzend, heiratet er sie. Nach anf\u00e4nglicher Dankbarkeit, begegnet ihm die nur 16-j\u00e4hrige Frau mit zunehmender Ablehnung. Je st\u00e4rker er sie einengt und bevormundet, desto mehr entzieht sie sich ihm. Ein unterschwelliger Kampf um Macht und Freiheit entbrennt. Der emotionale Konflikt verdichtet sich mit dramatischem Verlauf. Fassungslos \u2013 im Zweifel \u00fcber Schuld, Misstrauen und Liebe \u2013 wird der Mann pl\u00f6tzlich auf sich selbst zur\u00fcckgeworfen.<\/span><\/span><\/p>\n<p><span style=\"color: #d982ad; font-family: 'Century Gothic', sans-serif; font-size: 18pt;\"><span style=\"font-family: 'Century Gothic',sans-serif; font-size: 18pt;\">Der rezitierte Text wird mit Video-Art und fragmentarisch gespielter Musik russischer Komponisten vernetzt. Auch bei allen ausgew\u00e4hlten Werken treffen nur zwei Instrumente aufeinander. Dabei liegt dem Zusammenspiel bei PROKOFJEWS \u201eLiedern ohne Worte\u201c noch eine lyrische Sch\u00f6nheit von melancholischer Hoffnung inne. Bei SCHNITTKES kontrastreicher, weitgehend dunkler Cello-Sonate wechseln sich dahingegen beschw\u00f6rend\u2013meditative Parts mit dramatischen Gesten und Klageges\u00e4ngen ab. GUBAIDULINAS spirituell motiviertes Duo \u201eFreue Dich!\u201c ist eine eindringliche, intime Wechselrede der Instrumente mit komplexem, fast nerv\u00f6sem Schwanken zwischen verkl\u00e4render Freude und dem \u00b4Anderen\u00b4.<\/span><\/span><\/p>\n<p><span style=\"color: #ff7abd; font-family: 'Century Gothic',sans-serif; font-size: 18pt;\"><span style=\"font-family: 'Century Gothic',sans-serif; font-size: 18pt;\"><span style=\"color: #ff9900; font-family: 'Century Gothic',sans-serif; font-size: 18pt;\"><span style=\"font-family: 'Century Gothic';\"><span style=\"font-size: x-large;\">____________________________________________3. KONZERT<\/span><\/span><\/span><\/span><\/span><\/p>\n<p><span style=\"color: #666699; font-family: 'Century Gothic',sans-serif; font-size: 18pt;\"><img loading=\"lazy\" decoding=\"async\" class=\"alignnone size-full wp-image-448\" src=\"http:\/\/dialog-der-kuenste.de\/wp-content\/uploads\/2019\/03\/DdK-Plakat_090519.jpg\" alt=\"\" width=\"2480\" height=\"3494\" srcset=\"https:\/\/dialog-der-kuenste.de\/wp-content\/uploads\/2019\/03\/DdK-Plakat_090519.jpg 2480w, https:\/\/dialog-der-kuenste.de\/wp-content\/uploads\/2019\/03\/DdK-Plakat_090519-213x300.jpg 213w, https:\/\/dialog-der-kuenste.de\/wp-content\/uploads\/2019\/03\/DdK-Plakat_090519-768x1082.jpg 768w, https:\/\/dialog-der-kuenste.de\/wp-content\/uploads\/2019\/03\/DdK-Plakat_090519-727x1024.jpg 727w\" sizes=\"(max-width: 2480px) 100vw, 2480px\" \/><\/span><\/p>\n<p><span style=\"color: #729c52;\"><span style=\"font-family: 'Century Gothic',sans-serif; font-size: 28pt;\"><em>DAS LIED VON DER ERDE&nbsp;&nbsp;&nbsp;&nbsp;&nbsp;&nbsp;&nbsp;&nbsp;&nbsp;&nbsp;&nbsp;&nbsp;&nbsp;&nbsp;&nbsp;&nbsp;&nbsp;&nbsp;&nbsp;&nbsp;&nbsp;&nbsp;&nbsp;&nbsp;<\/em><a href=\"http:\/\/www.vvk-kuenstlerhaus.de\/cgi-bin\/showVera.pl?session=V1RYHdkiIsBxLrakUeL3d7GxWmtDS69lVAZ&amp;month=5\"><span style=\"color: #ff99cc;\"><span style=\"font-size: x-large;\">(Karten)<\/span><\/span><\/a><\/span><\/span><\/p>\n<p><span style=\"color: #729c52; font-family: 'Century Gothic',sans-serif; font-size: 18pt;\">9.5.2019 \u2013 19.30 Uhr | Kreuzkirche \/ Kreuzkirchhof 3 &#8211; Altstadt <\/span><\/p>\n<p><span style=\"color: #ff9900; font-family: 'Century Gothic',sans-serif; font-size: 18pt;\"><span style=\"font-family: 'Century Gothic',sans-serif; font-size: 18pt;\">* * *<\/span><\/span><\/p>\n<p><span style=\"color: #729c52; font-family: 'Century Gothic',sans-serif; font-size: 18pt;\"><span style=\"font-family: 'Century Gothic',sans-serif; font-size: 18pt;\">GUSTAV MAHLER<\/span><\/span><\/p>\n<p><span style=\"color: #729c52; font-family: 'Century Gothic',sans-serif; font-size: 18pt;\"><span style=\"font-family: 'Century Gothic',sans-serif; font-size: 18pt;\">&nbsp;&nbsp;&nbsp;\u201eDas Lied von der Erde\u201c<\/span><\/span><\/p>\n<p><span style=\"color: #729c52; font-family: 'Century Gothic',sans-serif; font-size: 18pt;\"><span style=\"font-family: 'Century Gothic',sans-serif; font-size: 18pt;\">&nbsp;&nbsp;&nbsp;(Bearbeitung f\u00fcr Tenor, Bariton &amp; Klavier von G. Mahler)<\/span><\/span><\/p>\n<p><span style=\"color: #729c52; font-family: 'Century Gothic',sans-serif; font-size: 18pt;\"><span style=\"font-family: 'Century Gothic',sans-serif; font-size: 18pt;\">DMITRI SCHOSTAKOWITSCH<\/span><\/span><\/p>\n<p><span style=\"color: #729c52; font-family: 'Century Gothic',sans-serif; font-size: 18pt;\"><span style=\"font-family: 'Century Gothic',sans-serif; font-size: 18pt;\">&nbsp;&nbsp;&nbsp;\u201eSechs Romanzen nach Texten japanischer Dichter\u201c, op. 21<\/span><\/span><\/p>\n<p><span style=\"color: #729c52; font-family: 'Century Gothic',sans-serif; font-size: 18pt;\"><span style=\"font-family: 'Century Gothic',sans-serif; font-size: 18pt;\">TORE TAKEMITSU<\/span><\/span><\/p>\n<p><span style=\"color: #729c52; font-family: 'Century Gothic',sans-serif; font-size: 18pt;\"><span style=\"font-family: 'Century Gothic',sans-serif; font-size: 18pt;\">&nbsp;&nbsp;&nbsp;\u201eLitany\u201c (F\u00fcrbitte)<\/span><\/span><\/p>\n<p><span style=\"color: #ff9900; font-family: 'Century Gothic',sans-serif; font-size: 18pt;\">* * * *<\/span><\/p>\n<p><span style=\"color: #5d8042; font-family: 'Century Gothic',sans-serif; font-size: 18pt;\"><span style=\"color: #729c52;\">Christoph Pohl \u2013 Bariton, Semperoper Dresden&nbsp;&nbsp; <\/span><span style=\"color: #99ccff;\"><a style=\"color: #99ccff;\" href=\"https:\/\/pohl-christoph.de\/\">(Info<\/a>) <\/span><\/span><\/p>\n<p><span style=\"color: #5d8042; font-family: 'Century Gothic',sans-serif; font-size: 18pt;\"><span style=\"color: #729c52;\">Robert K\u00fcnzli \u2013 Tenor, Nds. Staatsoper&nbsp;&nbsp;<\/span> <span style=\"color: #99ccff;\"><a style=\"color: #99ccff;\" href=\"https:\/\/oper-hannover.de\/index.php?m=150&amp;f=05_personendetail&amp;ID_Taetigkeit=21&amp;ID_Person=117\">(Info)<\/a><\/span><\/span><\/p>\n<p><span style=\"color: #729c52; font-family: 'Century Gothic',sans-serif; font-size: 18pt;\">Johannes Nies \u2013 Klavier, HMTM Hannover<\/span><\/p>\n<p><span style=\"color: #729c52; font-family: 'Century Gothic',sans-serif; font-size: 18pt;\">Tosh Leykum&nbsp;\u2013 VideoArt&nbsp;<span style=\"color: #bf608f; font-family: 'Century Gothic',sans-serif; font-size: 18pt;\">&nbsp;&nbsp;<span style=\"color: #99ccff;\"><a style=\"color: #99ccff;\" href=\"http:\/\/www.tosh-leykum.de\/\">(Info)<\/a><\/span><\/span><\/span><\/p>\n<p><span style=\"color: #ff9900; font-family: 'Century Gothic',sans-serif; font-size: 18pt;\">* * * * *<\/span><\/p>\n<p><span style=\"color: #729c52; font-family: 'Century Gothic',sans-serif; font-size: 18pt;\"><span style=\"font-family: 'Century Gothic',sans-serif; font-size: 18pt;\">MAHLERS Liedsinfonie \u201eDas Lied von der Erde\u201c entstand unter dem ersch\u00fctternden Eindruck des Todes seiner Tochter und der pl\u00f6tzlichen Diagnose seines unheilbaren Herzleidens. Das gewaltige Werk erklingt hier &#8211; begleitet durch schemenhafte Projektionen &#8211; in der von ihm selbst geschaffenen Fassung f\u00fcr Klavier, Tenor und Bariton, die sich von der Orchesterfassung unterscheidet. Anstelle eines eigene Welten erschaffenden Klangrausches dominiert eine verletzliche und demutsvolle Stimmung mit feinen Farben und kammermusikalisch sparsamer Polyphonie. Der introvertierte Grundton dieser f\u00fcr Mahler sehr intimen Offenbarung legt eine Auff\u00fchrung in Form eines Liederabends nahe. Der letzte Satz tr\u00e4gt die vielsagende \u00dcberschrift \u201eAbschied\u201c und endet mit den verklingenden Worten \u201eEwig, ewig!\u201c. Wie so oft bei Mahler ist es das Sehnen nach transzendentalen Sph\u00e4ren \u2013 es ist sein gro\u00dfer Abschiedsgesang, sein \u00b4Lebwohl\u00b4.<\/span><\/span><\/p>\n<p><span style=\"color: #339966; font-family: 'Century Gothic',sans-serif; font-size: 18pt;\"><span style=\"font-family: 'Century Gothic',sans-serif; font-size: 18pt;\"><span style=\"color: #729c52;\">Auch SCHOSTAKOWITSCHS fr\u00fche \u201eSechs Romanzen\u201c stellen eine f\u00fcr ihn sehr pers\u00f6nliche \u00c4u\u00dferung dar und geh\u00f6ren zu den wenigen St\u00fccken in seinem Schaffen, die von romantischer Liebe handeln. Die unruhig kurzen und leidenschaftlichen Lieder pendeln zwischen abrupt expressionistischer Gestik, spr\u00f6der Vielfarbigkeit sowie impressionistischer Meditation. Euphorisch und zugleich abstrakt, lotet er so seine Gef\u00fchle bis in dunkle Tiefen aus.<\/span><\/span><\/span><\/p>\n\n","protected":false},"excerpt":{"rendered":"<p>Abschied 2018 ____________________________________________1. KONZERT REQUIEM&nbsp;&nbsp;&nbsp;&nbsp;&nbsp;&nbsp;&nbsp;&nbsp;&nbsp;&nbsp;&nbsp;&nbsp;&nbsp;&nbsp;&nbsp;&nbsp;&nbsp;&nbsp;&nbsp;&nbsp;&nbsp;&nbsp;&nbsp;&nbsp;&nbsp;&nbsp;&nbsp;&nbsp;&nbsp;&nbsp;&nbsp;&nbsp;&nbsp;&nbsp;&nbsp;&nbsp;&nbsp;&nbsp;&nbsp;&nbsp;&nbsp;&nbsp;&nbsp;&nbsp;&nbsp;&nbsp;&nbsp;&nbsp;&nbsp;&nbsp; &nbsp;&nbsp; 11.11.2018 \u2013 18.00 Uhr | K\u00fcnstlerhaus \/ Joseph-Joachim-Saal * * * * ANNA ACHMATOWA &nbsp;&nbsp; \u201eRequiem\u201c (Gedichtzyklus) DMITRI SCHOSTAKOWITSCH &nbsp;&nbsp; Klavierquintett in g-Moll, op. 57 J. S. BACH &nbsp;&nbsp; \u201eDie Kunst der Fuge\u201c, BWV 1080 (Ausz\u00fcge) MIECZYS\u0141AW WEINBERG &nbsp;&nbsp; Klavierquintett in f-Moll, op. 18 * * * * Johanna &#8230; <span class=\"more\"><a class=\"more-link\" href=\"https:\/\/dialog-der-kuenste.de\/?page_id=215\">[Read more&#8230;]<\/a><\/span><\/p>\n","protected":false},"author":1,"featured_media":0,"parent":0,"menu_order":6,"comment_status":"closed","ping_status":"closed","template":"page-full-width.php","meta":{"footnotes":""},"_links":{"self":[{"href":"https:\/\/dialog-der-kuenste.de\/index.php?rest_route=\/wp\/v2\/pages\/215"}],"collection":[{"href":"https:\/\/dialog-der-kuenste.de\/index.php?rest_route=\/wp\/v2\/pages"}],"about":[{"href":"https:\/\/dialog-der-kuenste.de\/index.php?rest_route=\/wp\/v2\/types\/page"}],"author":[{"embeddable":true,"href":"https:\/\/dialog-der-kuenste.de\/index.php?rest_route=\/wp\/v2\/users\/1"}],"replies":[{"embeddable":true,"href":"https:\/\/dialog-der-kuenste.de\/index.php?rest_route=%2Fwp%2Fv2%2Fcomments&post=215"}],"version-history":[{"count":129,"href":"https:\/\/dialog-der-kuenste.de\/index.php?rest_route=\/wp\/v2\/pages\/215\/revisions"}],"predecessor-version":[{"id":1719,"href":"https:\/\/dialog-der-kuenste.de\/index.php?rest_route=\/wp\/v2\/pages\/215\/revisions\/1719"}],"wp:attachment":[{"href":"https:\/\/dialog-der-kuenste.de\/index.php?rest_route=%2Fwp%2Fv2%2Fmedia&parent=215"}],"curies":[{"name":"wp","href":"https:\/\/api.w.org\/{rel}","templated":true}]}}