{"id":2,"date":"2016-05-10T03:48:21","date_gmt":"2016-05-10T03:48:21","guid":{"rendered":"http:\/\/wp452m.a10-52-158-154.qa.plesk.ru\/wordpress\/?page_id=2"},"modified":"2026-01-07T12:38:54","modified_gmt":"2026-01-07T12:38:54","slug":"sample-page","status":"publish","type":"page","link":"https:\/\/dialog-der-kuenste.de\/","title":{"rendered":"KONZEPT + THEMA"},"content":{"rendered":"\n<h1 class=\"wp-block-heading\"><\/h1>\n\n\n\n<p><\/p>\n\n\n\n<p class=\"has-vivid-red-color has-text-color\" id=\"block-7dcb62fa-fb86-4d54-b2ec-969f39dc992d\" style=\"font-size:32px\">N\u00e4chste Auff\u00fchrung :<\/p>\n\n\n\n<p class=\"has-vivid-red-color has-text-color has-link-color wp-elements-a5dce45386c4be307646cb448b484c07\" id=\"block-7dcb62fa-fb86-4d54-b2ec-969f39dc992d\" style=\"font-size:27px\">Am <strong>15. Februar 2026<\/strong> um <strong>17 Uhr<\/strong> gestaltet das bezaubernde <strong>TRIO D\u00b4IROISE<\/strong> in unserer <em>\u00b4rastlos\u00b4<\/em>-Saison 2025\/26 einen gro\u00dfes Kammerkonzert unter dem Titel <em>&#8222;Sch\u00f6pferische Unruhe&#8220;<\/em> mit <strong>J. S. BACH<\/strong>s weltber\u00fchmten &#8222;<strong>Goldberg-Variationen<\/strong>&#8220; im Zentrum in der besonderen Bearbeitung f\u00fcr Streichtrio. Daneben erklingen das zweite Streichtrio von <strong>Bohuslav MARTINU<\/strong> sowie <strong>Krysztof PENDERECKI<\/strong>s Streichrio. Das Konzert findet im Joseph-Joachim-Saal des K\u00fcnstlerhauses statt (Sophienstra\u00dfe 2, 30159 H. im 2. OG).<\/p>\n\n\n\n<p class=\"has-vivid-red-color has-text-color has-link-color wp-elements-67bc36f245c64b7d121c79112edc2e0a\" style=\"font-size:28px\"><a href=\"https:\/\/dialog-der-kuenste.de\/?page_id=1910\">Weitere Infomationen<\/a> &gt;&gt;<\/p>\n\n\n\n<p class=\"has-vivid-red-color has-text-color has-link-color wp-elements-1d1da543fd4ccd2c5f0307efc8856235\" id=\"block-7dcb62fa-fb86-4d54-b2ec-969f39dc992d\" style=\"font-size:27px\">Karten <a href=\"https:\/\/dialog-der-kuenste.de\/?page_id=13\">&gt; &gt;<\/a><\/p>\n\n\n\n<figure class=\"wp-block-image size-full\"><img loading=\"lazy\" decoding=\"async\" width=\"1813\" height=\"2560\" src=\"https:\/\/dialog-der-kuenste.de\/wp-content\/uploads\/2026\/01\/DdK_Plakat_150226_net-scaled.jpg\" alt=\"\" class=\"wp-image-1944\" srcset=\"https:\/\/dialog-der-kuenste.de\/wp-content\/uploads\/2026\/01\/DdK_Plakat_150226_net-scaled.jpg 1813w, https:\/\/dialog-der-kuenste.de\/wp-content\/uploads\/2026\/01\/DdK_Plakat_150226_net-213x300.jpg 213w, https:\/\/dialog-der-kuenste.de\/wp-content\/uploads\/2026\/01\/DdK_Plakat_150226_net-725x1024.jpg 725w, https:\/\/dialog-der-kuenste.de\/wp-content\/uploads\/2026\/01\/DdK_Plakat_150226_net-768x1084.jpg 768w, https:\/\/dialog-der-kuenste.de\/wp-content\/uploads\/2026\/01\/DdK_Plakat_150226_net-1088x1536.jpg 1088w, https:\/\/dialog-der-kuenste.de\/wp-content\/uploads\/2026\/01\/DdK_Plakat_150226_net-1451x2048.jpg 1451w\" sizes=\"(max-width: 1813px) 100vw, 1813px\" \/><\/figure>\n\n\n\n<p class=\"has-white-color has-text-color has-link-color has-small-font-size wp-elements-37939cdf4681a49ece4ac083972ea99f\">*<\/p>\n\n\n\n<p class=\"has-text-align-left has-vivid-red-color has-text-color\" style=\"font-size:30px\"><a href=\"https:\/\/dialog-der-kuenste.de\/?page_id=1910\">Weitere Infomationen<\/a> &gt;&gt;<\/p>\n\n\n\n<p class=\"has-white-color has-text-color has-link-color has-large-font-size wp-elements-cfc412434e9f7200152482a8c3e0e00a\">.<\/p>\n\n\n\n\n\n<figure class=\"wp-block-image size-large\"><img loading=\"lazy\" decoding=\"async\" width=\"1024\" height=\"699\" src=\"http:\/\/dialog-der-kuenste.de\/wp-content\/uploads\/2016\/05\/Dialog-der-K\u00fcnste_Welcome1-1-1024x699.jpg\" alt=\"\" class=\"wp-image-137\" srcset=\"https:\/\/dialog-der-kuenste.de\/wp-content\/uploads\/2016\/05\/Dialog-der-K\u00fcnste_Welcome1-1-1024x699.jpg 1024w, https:\/\/dialog-der-kuenste.de\/wp-content\/uploads\/2016\/05\/Dialog-der-K\u00fcnste_Welcome1-1-300x205.jpg 300w, https:\/\/dialog-der-kuenste.de\/wp-content\/uploads\/2016\/05\/Dialog-der-K\u00fcnste_Welcome1-1-768x524.jpg 768w, https:\/\/dialog-der-kuenste.de\/wp-content\/uploads\/2016\/05\/Dialog-der-K\u00fcnste_Welcome1-1.jpg 1516w\" sizes=\"(max-width: 1024px) 100vw, 1024px\" \/><\/figure>\n\n\n\n<p><\/p>\n\n\n\n<p><span style=\"color: #ff9900;\"><span style=\"font-family: 'Century Gothic';\"><span style=\"font-size: x-large;\">&nbsp;<\/span><\/span><\/span><\/p>\n\n\n\n<p class=\"has-luminous-vivid-amber-color has-text-color\"><span style=\"color: #993366; font-family: Times New Roman,serif;\"><span style=\"font-size: medium;\"><span style=\"font-family: Century Gothic,serif;\"><span style=\"font-size: xx-large;\">ANSATZ<\/span><\/span><\/span><\/span><\/p>\n\n\n\n<p class=\"has-luminous-vivid-amber-color has-text-color\"><span style=\"color: #666699;\"><em><span style=\"font-family: Times New Roman,serif;\"><span style=\"font-size: medium;\"><span style=\"font-family: Lucida Calligraphy,serif;\"><span style=\"font-size: xx-large;\">music &amp; beyond<\/span><\/span><\/span><\/span><\/em><\/span><\/p>\n\n\n\n<p class=\"has-luminous-vivid-amber-color has-text-color\"><span style=\"color: #666699; font-family: 'Times New Roman', serif;\"><span style=\"font-size: medium;\"><span style=\"font-family: Century Gothic,serif;\"><span style=\"font-size: x-large;\">Dialog der K\u00fcnste ist eine 2010 von Christian Kuhlo ins Leben gerufene, interdisziplin\u00e4re Konzertreihe, in der musikalische Werke in Wechselwirkung mit anderen Kunstformen gebracht werden. Durch diese kontrastierende Kombination sollen ein neuer Blick auf die jeweiligen Werke gewonnen sowie neue Zusammenh\u00e4nge bewirkt werden. In hybriden, au\u00dfergew\u00f6hnlichen Projektformaten&nbsp;werden selten gezeigte Werke und Miniaturen pr\u00e4sentiert und kommen in einem besonderen Kontext zur Auff\u00fchrung, wodurch&nbsp;auch die Entdeckung von Hintergr\u00fcnden&nbsp;erm\u00f6glicht&nbsp;werden soll.<\/span><\/span><\/span><\/span><\/p>\n\n\n\n<p class=\"has-luminous-vivid-amber-color has-text-color\"><span style=\"color: #666699; font-family: 'Lucida Calligraphy', serif;\"><span style=\"font-size: medium;\"><span style=\"font-family: Century Gothic,serif;\"><span style=\"font-size: x-large;\">Bei der Auswahl des Programms und der K\u00fcnstler streben wir nach herausragender Qualit\u00e4t und konzentrieren uns auf die k\u00fcnstlerische Auseinandersetzung&nbsp;mit essenziellen und menschlichen Themen.<\/span><\/span><\/span><\/span><\/p>\n\n\n\n<p class=\"has-luminous-vivid-amber-color has-text-color\"><span style=\"color: #666699; font-family: 'Lucida Calligraphy', serif;\"><span style=\"font-size: medium;\"><span style=\"font-family: Century Gothic,serif;\"><span style=\"font-size: x-large;\">Die Veranstaltungsreihe m\u00f6chte die Vernetzung von K\u00fcnsten sowie von Kunst- und Kulturschaffenden und die F\u00f6rderung k\u00fcnstlerischer Inhalte bewirken. Nicht zuletzt geht es auch um das Zusammenwirken von etablierten K\u00fcnstlern und Nachwuchstalenten, die auf diesem Weg eine impulsgebende Plattform finden. <\/span><\/span><\/span><\/span><\/p>\n\n\n\n<p class=\"has-luminous-vivid-amber-color has-text-color\"><span style=\"color: #666699; font-family: 'Lucida Calligraphy', serif;\"><span style=\"font-size: medium;\"><span style=\"font-family: Century Gothic,serif;\"><span style=\"font-size: x-large;\">Nehmen Sie Teil an unseren Dialogen und lassen Sie sich begeistern!<\/span><\/span><\/span><\/span><\/p>\n\n\n\n<p class=\"has-luminous-vivid-amber-color has-text-color\"><span style=\"color: #666699; font-family: 'Century Gothic'; font-size: x-large;\">C. K.<\/span><\/p>\n\n\n\n<p class=\"has-luminous-vivid-amber-color has-text-color\"><span style=\"color: #666699; font-family: Lucida Calligraphy,serif;\"><span style=\"font-size: medium;\"><span style=\"font-family: Century Gothic,serif;\"><span style=\"font-size: x-large;\"><strong>&nbsp;<\/strong><\/span><\/span><\/span><\/span><\/p>\n\n\n\n<p class=\"has-luminous-vivid-amber-color has-text-color has-link-color wp-elements-493714e4669e9cf21c8e5df4a1374daa\" style=\"font-size:40px\">THEMA 2025\/26 :<span style=\"color: #993366; font-family: Lucida Calligraphy,serif;\"><span style=\"font-size: medium;\"><span style=\"font-family: Century Gothic,serif;\"><span style=\"font-size: xx-large;\"> <\/span><\/span><\/span><\/span><em><a href=\"https:\/\/dialog-der-kuenste.de\/?page_id=1910\">rastlos<\/a><\/em><\/p>\n\n\n\n<p><\/p>\n\n\n\n<p class=\"has-luminous-vivid-amber-color has-text-color\"><span style=\"color: #666699; font-family: Lucida Calligraphy,serif;\"><span style=\"font-size: medium;\"><span style=\"font-family: Century Gothic,serif;\"><span style=\"font-size: x-large;\"><strong>&nbsp;<\/strong><\/span><\/span><\/span><\/span><\/p>\n\n\n\n<p class=\"has-luminous-vivid-amber-color has-text-color\"><span style=\"color: #339966;\"><span style=\"font-family: 'Century Gothic';\"><span style=\"font-size: x-large;\"><span style=\"color: #993366; font-family: Lucida Calligraphy,serif;\"><span style=\"font-size: medium;\"><span style=\"font-family: Century Gothic,serif;\"><span style=\"font-size: xx-large;\">INFO<br><\/span><\/span><\/span><\/span><\/span><\/span><\/span><\/p>\n\n\n\n<p class=\"has-luminous-vivid-amber-color has-text-color\"><span style=\"color: #666699;\"><span style=\"font-family: 'Century Gothic';\"><span style=\"font-size: x-large;\">Wenn wir Sie per Mail \u00fcber kommende Veranstaltungen informieren d\u00fcrfen, schreiben Sie uns bitte eine kurze Nachricht an: <strong>dialogderkuenste@gmx.net<\/strong><\/span><\/span><\/span><\/p>\n\n\n\n<p class=\"has-luminous-vivid-amber-color has-text-color\"><span style=\"color: #666699;\"><span style=\"font-family: 'Century Gothic';\"><span style=\"font-size: x-large;\">Dabei ist es wichtig, dass Sie sich&nbsp;ausdr\u00fccklich damit einverstanden erkl\u00e4ren, dass Ihre Daten in diesem Zusammenhang genutzt und gespeichert werden d\u00fcrfen. Ihre Daten werden in keiner anderen Weise&nbsp;verwendet oder weitergegeben. Diese Einverst\u00e4ndniserkl\u00e4rung kann jederzeit widerrufen werden, woraufhin Ihre Daten gel\u00f6scht werden.&nbsp;<\/span><\/span><\/span><\/p>\n\n\n\n<p class=\"has-luminous-vivid-amber-color has-text-color\"><span style=\"color: #666699;\"><span style=\"font-family: 'Century Gothic';\"><span style=\"font-size: x-large;\">Wir weisen diesbez\u00fcglich auf die&nbsp;Datenschutzerkl\u00e4rung auf unserer Internetseite hin und bedanken uns f\u00fcr Ihr Verst\u00e4ndnis.<\/span><\/span><\/span><\/p>\n\n\n\n<p class=\"has-luminous-vivid-amber-color has-text-color\"><span style=\"color: #666699; font-family: 'Century Gothic';\"><span style=\"font-size: x-large;\">Vielen Dank f\u00fcr Ihr Interesse!<\/span><\/span><\/p>\n\n\n\n<p class=\"has-luminous-vivid-amber-color has-text-color\"><span style=\"color: #ff9900; font-family: Times New Roman,serif;\"><span style=\"font-size: medium;\"><span style=\"font-family: Century Gothic,serif;\"><span style=\"font-size: x-large;\">Foto &amp; Bearbeitung: C. Kuhlo<br><\/span><\/span><\/span><\/span><\/p>\n","protected":false},"excerpt":{"rendered":"<p>N\u00e4chste Auff\u00fchrung : Am 15. Februar 2026 um 17 Uhr gestaltet das bezaubernde TRIO D\u00b4IROISE in unserer \u00b4rastlos\u00b4-Saison 2025\/26 einen gro\u00dfes Kammerkonzert unter dem Titel &#8222;Sch\u00f6pferische Unruhe&#8220; mit J. S. BACHs weltber\u00fchmten &#8222;Goldberg-Variationen&#8220; im Zentrum in der besonderen Bearbeitung f\u00fcr Streichtrio. Daneben erklingen das zweite Streichtrio von Bohuslav MARTINU sowie Krysztof PENDERECKIs Streichrio. Das Konzert &#8230; <span class=\"more\"><a class=\"more-link\" href=\"https:\/\/dialog-der-kuenste.de\/\">[Read more&#8230;]<\/a><\/span><\/p>\n","protected":false},"author":1,"featured_media":0,"parent":0,"menu_order":1,"comment_status":"closed","ping_status":"closed","template":"page-full-width.php","meta":{"footnotes":""},"_links":{"self":[{"href":"https:\/\/dialog-der-kuenste.de\/index.php?rest_route=\/wp\/v2\/pages\/2"}],"collection":[{"href":"https:\/\/dialog-der-kuenste.de\/index.php?rest_route=\/wp\/v2\/pages"}],"about":[{"href":"https:\/\/dialog-der-kuenste.de\/index.php?rest_route=\/wp\/v2\/types\/page"}],"author":[{"embeddable":true,"href":"https:\/\/dialog-der-kuenste.de\/index.php?rest_route=\/wp\/v2\/users\/1"}],"replies":[{"embeddable":true,"href":"https:\/\/dialog-der-kuenste.de\/index.php?rest_route=%2Fwp%2Fv2%2Fcomments&post=2"}],"version-history":[{"count":471,"href":"https:\/\/dialog-der-kuenste.de\/index.php?rest_route=\/wp\/v2\/pages\/2\/revisions"}],"predecessor-version":[{"id":1982,"href":"https:\/\/dialog-der-kuenste.de\/index.php?rest_route=\/wp\/v2\/pages\/2\/revisions\/1982"}],"wp:attachment":[{"href":"https:\/\/dialog-der-kuenste.de\/index.php?rest_route=%2Fwp%2Fv2%2Fmedia&parent=2"}],"curies":[{"name":"wp","href":"https:\/\/api.w.org\/{rel}","templated":true}]}}