{"id":1910,"date":"2025-09-25T08:27:34","date_gmt":"2025-09-25T08:27:34","guid":{"rendered":"https:\/\/dialog-der-kuenste.de\/?page_id=1910"},"modified":"2026-01-06T14:46:54","modified_gmt":"2026-01-06T14:46:54","slug":"saison-2025-26","status":"publish","type":"page","link":"https:\/\/dialog-der-kuenste.de\/?page_id=1910","title":{"rendered":"SAISON 2025\/26"},"content":{"rendered":"\n<p class=\"has-luminous-vivid-amber-color has-text-color has-link-color wp-elements-e5b104efa46ef81ab95c76980a43634c\" style=\"font-size:26px\"><\/p>\n\n\n\n<figure class=\"wp-block-image size-full\"><img loading=\"lazy\" decoding=\"async\" width=\"1813\" height=\"2560\" src=\"https:\/\/dialog-der-kuenste.de\/wp-content\/uploads\/2026\/01\/DdK_Plakat_150226_net-scaled.jpg\" alt=\"\" class=\"wp-image-1944\" srcset=\"https:\/\/dialog-der-kuenste.de\/wp-content\/uploads\/2026\/01\/DdK_Plakat_150226_net-scaled.jpg 1813w, https:\/\/dialog-der-kuenste.de\/wp-content\/uploads\/2026\/01\/DdK_Plakat_150226_net-213x300.jpg 213w, https:\/\/dialog-der-kuenste.de\/wp-content\/uploads\/2026\/01\/DdK_Plakat_150226_net-725x1024.jpg 725w, https:\/\/dialog-der-kuenste.de\/wp-content\/uploads\/2026\/01\/DdK_Plakat_150226_net-768x1084.jpg 768w, https:\/\/dialog-der-kuenste.de\/wp-content\/uploads\/2026\/01\/DdK_Plakat_150226_net-1088x1536.jpg 1088w, https:\/\/dialog-der-kuenste.de\/wp-content\/uploads\/2026\/01\/DdK_Plakat_150226_net-1451x2048.jpg 1451w\" sizes=\"(max-width: 1813px) 100vw, 1813px\" \/><\/figure>\n\n\n\n<p class=\"has-white-color has-text-color has-link-color has-medium-font-size wp-elements-53b957a6a96c3cfca4c37941c66f24f5\">.<\/p>\n\n\n\n<p class=\"has-vivid-red-color has-text-color has-link-color wp-elements-9193955b20a695c5b41ecfa3105ed1da\" style=\"font-size:28px\">Karten <a href=\"https:\/\/dialog-der-kuenste.de\/?page_id=13\">> ><\/a><\/p>\n\n\n\n<p class=\"has-white-color has-text-color has-link-color has-medium-font-size wp-elements-53b957a6a96c3cfca4c37941c66f24f5\">.<\/p>\n\n\n\n<p class=\"has-vivid-red-color has-text-color has-link-color has-large-font-size wp-elements-1a57dc84d1249a89d2c07ba6c7239ded\">So, 15. Feb. 2026 &#8211; 17 Uhr<\/p>\n\n\n\n<p class=\"has-vivid-red-color has-text-color has-link-color wp-elements-a8af9f8fe00385ede04622d0c5bdea49\" style=\"font-size:35px\">K\u00fcnstlerhaus\/Joseph-Joachim-Saal, Sophienstr. 2, 30159 H.<\/p>\n\n\n\n<p class=\"has-vivid-red-color has-text-color has-link-color wp-elements-216e69809e7068c9ac7d856571763ab5\" style=\"font-size:24px\">Das Kammerkonzert in unserer rastlos_Saison unter dem Titel \u00b4Sch\u00f6pferische Unruhe\u00b4 ist dem Drang der Komponisten gewidmet, Ideen und Stimmungen in Musik zu verwandeln, musikalisch zu entwickeln und bis in die Tiefe zu ergr\u00fcnden.<\/p>\n\n\n\n<p class=\"has-vivid-red-color has-text-color has-link-color wp-elements-1f4ab12d22efc62a825f688d029eb97f\" style=\"font-size:24px\">Im Zentrum stehen BACHs ber\u00fchmte \u00b4Goldberg-Variationen\u00b4, die einen Gipfelpunkt des Barocks bilden, hier im Gewand der Bearbeitung f\u00fcr Streichtrio. In den drei\u00dfig Variationen entfalten sich Mikrokosmen, die fast kaleidoskopisch forschend in h\u00f6chster Kreativit\u00e4t und Einfallsreichtum die Motive dieses bald \u00fcberlebensgro\u00dfen Werks vielstimmig und in Vollendung ausloten.<\/p>\n\n\n\n<p class=\"has-vivid-red-color has-text-color has-link-color wp-elements-08cddb6a9684be871e0a6b80342c293b\" style=\"font-size:24px\">Dagegen zeigt sich das Rastlose in MARTINUs neoklassizistisch wie folkloristisch gepr\u00e4gtem Streichtrio, das reich ist an kontrapunktischen Texturen und vorantreibenden Rhythmen ist, in einer unruhigeren Gestalt. Aufgrund seiner anspruchsvollen Virtuosit\u00e4t und rasant-t\u00e4nzerischen Virilit\u00e4t wurde dieses Werk schon als \u201eTripelkonzert ohne Orchester\u201c beschrieben.<\/p>\n\n\n\n<p class=\"has-vivid-red-color has-text-color has-link-color wp-elements-3d2c2ed949f88d2b6cd3323ed5fb9737\" style=\"font-size:24px\">PENDERECKIs modernes Streichtrio ist ein intensives und aufregendes Werk, in dem bis an die klanglichen Grenzen der drei Instrumente gegangen wird. Deren oft auch riskante Behandlung, solistisch oder sich gegenseitig antreibend, verleiht dem Werk Expressivit\u00e4t und Ruhelosigkeit. Die von diesem improvisatorisch anmutenden Werk ausgehende Spannung ist \u00fcberw\u00e4ltigend und vor allem mitrei\u00dfend.<\/p>\n\n\n\n<p class=\"has-white-color has-text-color has-link-color has-medium-font-size wp-elements-53b957a6a96c3cfca4c37941c66f24f5\">.<\/p>\n\n\n\n<p class=\"has-vivid-red-color has-text-color has-link-color wp-elements-e77ec04a8445b76ab7c61449d097dd98\" style=\"font-size:32px\">J. S. BACH&nbsp; *&nbsp; \u00b4Goldberg-Variationen\u00b4, BWV 988 (1741)<\/p>\n\n\n\n<p class=\"has-vivid-red-color has-text-color has-link-color wp-elements-818190a45880f2f2bf4e8c263412e34c\" style=\"font-size:28px\">(Bearbeitung f\u00fcr Streichtrio)<\/p>\n\n\n\n<p class=\"has-vivid-red-color has-text-color has-link-color wp-elements-3f5ba7c07493262e38e75e8628b85943\" style=\"font-size:32px\">Bohuslav MARTINU&nbsp; *&nbsp; 2. Streichtrio, H. 238 (1934)<\/p>\n\n\n\n<p class=\"has-vivid-red-color has-text-color has-link-color wp-elements-3757074a90d330adfdb4b0f88617a8d5\" style=\"font-size:32px\">Krzysztof PENDERECKI&nbsp; *&nbsp; Streichtrio (1991)<\/p>\n\n\n\n<p class=\"has-white-color has-text-color has-link-color has-medium-font-size wp-elements-53b957a6a96c3cfca4c37941c66f24f5\">.<\/p>\n\n\n\n<p class=\"has-vivid-red-color has-text-color has-link-color wp-elements-52f2166170158022b50174a2f62d2bb8\" style=\"font-size:32px\">TRIO D\u00b4IROISE      <a href=\"https:\/\/www.triodiroise.de\/\">&gt;&gt;&gt;<\/a><\/p>\n\n\n\n<p class=\"has-vivid-red-color has-text-color has-link-color wp-elements-68c0b81ce09562f69e1b52ba1b65ab84\" style=\"font-size:28px\">Sophie Pantzier &#8211; Violine, (NDR-Radioph.)<\/p>\n\n\n\n<p class=\"has-vivid-red-color has-text-color has-link-color wp-elements-60069599e285ef49cec7923825b70c88\" style=\"font-size:28px\">Francois Lef\u00e8vre &#8211; Viola (Solist, NDR-Radiophilharmonie)<\/p>\n\n\n\n<p class=\"has-vivid-red-color has-text-color has-link-color wp-elements-ce88af94375c172795e2442af5d25ace\" style=\"font-size:28px\">Caspar Wedell &#8211; Cello<\/p>\n\n\n\n<p class=\"has-link-color wp-elements-c59dfd3281ad487760b1d5d6e9ade138\" style=\"font-size:20px\"><\/p>\n\n\n\n<p class=\"has-white-color has-text-color has-link-color has-large-font-size wp-elements-cfc412434e9f7200152482a8c3e0e00a\">.<\/p>\n\n\n\n<p style=\"font-size:30px\">Vergangene Auff\u00fchrungen<\/p>\n\n\n\n<figure class=\"wp-block-image size-full\"><img loading=\"lazy\" decoding=\"async\" width=\"1814\" height=\"2560\" src=\"https:\/\/dialog-der-kuenste.de\/wp-content\/uploads\/2025\/09\/Plakat_Wanderer_25_net3-scaled.jpg\" alt=\"\" class=\"wp-image-1893\" srcset=\"https:\/\/dialog-der-kuenste.de\/wp-content\/uploads\/2025\/09\/Plakat_Wanderer_25_net3-scaled.jpg 1814w, https:\/\/dialog-der-kuenste.de\/wp-content\/uploads\/2025\/09\/Plakat_Wanderer_25_net3-213x300.jpg 213w, https:\/\/dialog-der-kuenste.de\/wp-content\/uploads\/2025\/09\/Plakat_Wanderer_25_net3-725x1024.jpg 725w, https:\/\/dialog-der-kuenste.de\/wp-content\/uploads\/2025\/09\/Plakat_Wanderer_25_net3-768x1084.jpg 768w, https:\/\/dialog-der-kuenste.de\/wp-content\/uploads\/2025\/09\/Plakat_Wanderer_25_net3-1088x1536.jpg 1088w, https:\/\/dialog-der-kuenste.de\/wp-content\/uploads\/2025\/09\/Plakat_Wanderer_25_net3-1451x2048.jpg 1451w\" sizes=\"(max-width: 1814px) 100vw, 1814px\" \/><\/figure>\n\n\n\n<p class=\"has-white-color has-text-color has-link-color has-medium-font-size wp-elements-53b957a6a96c3cfca4c37941c66f24f5\">.<\/p>\n\n\n\n<p style=\"font-size:34px\">So, 9. Nov. 2025 \u2013 17 Uhr<\/p>\n\n\n\n<p style=\"font-size:34px\">Neust\u00e4dter Hof- u. Stadtkirche, Rote Reihe 8, 30169 H.<\/p>\n\n\n\n<p style=\"font-size:24px\">Der Liederabend unserer rastlos-Saison 2025 ist dem k\u00fcnstlerischen Thema des \u00b4Wanderers\u00b4 gewidmet, dem Umherschweifenden, Fliehenden oder sehnsuchtsvoll Suchenden.<\/p>\n\n\n\n<p style=\"font-size:24px\">So erz\u00e4hlen MAHLERs \u00b4Lieder eines fahrenden Gesellen\u00b4 von einem jungen Mann, der von Liebesschmerz und Entt\u00e4uschung angetrieben in die Welt hinauszieht, um Linderung und Frieden in der Ferne zu suchen. Von noch gr\u00f6\u00dferer Einsamkeit und herbstlicher Stimmung handeln die von RIHM vertonten Gedichte Nietzsches, die dem Wanderer-Thema neut\u00f6nend und mit philosophischer Tiefe eine besondere Farbe der Fremde verleihen.<\/p>\n\n\n\n<p style=\"font-size:24px\">Daneben erklingen die sehr melancholischen \u00b4Kerner\u00b4-Lieder SCHUMANNs, die ebenso den romantischen Geist der Sehnsucht, der Wehmut und der Zuflucht in der Natur atmen. Vor allem darf die Stimme SCHUBERTs nicht fehlen, in dessen Werk viele Lieder Ausdruck von der Faszination des Waldes, vom Wunsch des Einsseins mit der Umgebung oder gar vom schwer zu fassenden Weltschmerz sind.<\/p>\n\n\n\n<p class=\"has-white-color has-text-color has-link-color has-medium-font-size wp-elements-53b957a6a96c3cfca4c37941c66f24f5\">.<\/p>\n\n\n\n<p><\/p>\n\n\n\n<p style=\"font-size:32px\">GUSTAV MAHLER &#8211; \u00b4Lieder eines fahrenden Gesellen\u00b4<\/p>\n\n\n\n<p style=\"font-size:32px\">ROBERT SCHUMANN<\/p>\n\n\n\n<p style=\"font-size:32px\">Lieder nach Gedichten von Justinus Kerner<\/p>\n\n\n\n<p style=\"font-size:32px\">WOLFGANG RIHM &#8211; \u00b4Nietzsche-Lieder\u00b4<\/p>\n\n\n\n<p style=\"font-size:32px\">FRANZ SCHUBERT &#8211; ausgew\u00e4hlte Lieder<\/p>\n\n\n\n<p class=\"has-white-color has-text-color has-link-color has-medium-font-size wp-elements-53b957a6a96c3cfca4c37941c66f24f5\">.<\/p>\n\n\n\n<p style=\"font-size:30px\">Christoph POHL \u2013 Bariton, Semperoper Dresden<\/p>\n\n\n\n<p style=\"font-size:30px\">Tobias KRAMPEN \u2013 Klavier, Bonn<\/p>\n\n\n\n<p style=\"font-size:30px\"><\/p>\n","protected":false},"excerpt":{"rendered":"<p>. Karten > > . So, 15. Feb. 2026 &#8211; 17 Uhr K\u00fcnstlerhaus\/Joseph-Joachim-Saal, Sophienstr. 2, 30159 H. Das Kammerkonzert in unserer rastlos_Saison unter dem Titel \u00b4Sch\u00f6pferische Unruhe\u00b4 ist dem Drang der Komponisten gewidmet, Ideen und Stimmungen in Musik zu verwandeln, musikalisch zu entwickeln und bis in die Tiefe zu ergr\u00fcnden. Im Zentrum stehen BACHs ber\u00fchmte &#8230; <span class=\"more\"><a class=\"more-link\" href=\"https:\/\/dialog-der-kuenste.de\/?page_id=1910\">[Read more&#8230;]<\/a><\/span><\/p>\n","protected":false},"author":1,"featured_media":0,"parent":0,"menu_order":1,"comment_status":"closed","ping_status":"closed","template":"page-full-width.php","meta":{"footnotes":""},"_links":{"self":[{"href":"https:\/\/dialog-der-kuenste.de\/index.php?rest_route=\/wp\/v2\/pages\/1910"}],"collection":[{"href":"https:\/\/dialog-der-kuenste.de\/index.php?rest_route=\/wp\/v2\/pages"}],"about":[{"href":"https:\/\/dialog-der-kuenste.de\/index.php?rest_route=\/wp\/v2\/types\/page"}],"author":[{"embeddable":true,"href":"https:\/\/dialog-der-kuenste.de\/index.php?rest_route=\/wp\/v2\/users\/1"}],"replies":[{"embeddable":true,"href":"https:\/\/dialog-der-kuenste.de\/index.php?rest_route=%2Fwp%2Fv2%2Fcomments&post=1910"}],"version-history":[{"count":26,"href":"https:\/\/dialog-der-kuenste.de\/index.php?rest_route=\/wp\/v2\/pages\/1910\/revisions"}],"predecessor-version":[{"id":1979,"href":"https:\/\/dialog-der-kuenste.de\/index.php?rest_route=\/wp\/v2\/pages\/1910\/revisions\/1979"}],"wp:attachment":[{"href":"https:\/\/dialog-der-kuenste.de\/index.php?rest_route=%2Fwp%2Fv2%2Fmedia&parent=1910"}],"curies":[{"name":"wp","href":"https:\/\/api.w.org\/{rel}","templated":true}]}}