{"id":1463,"date":"2023-01-30T16:59:19","date_gmt":"2023-01-30T16:59:19","guid":{"rendered":"https:\/\/dialog-der-kuenste.de\/?page_id=1463"},"modified":"2026-01-07T12:40:00","modified_gmt":"2026-01-07T12:40:00","slug":"saison-2023","status":"publish","type":"page","link":"https:\/\/dialog-der-kuenste.de\/?page_id=1463","title":{"rendered":"SAISON 2023"},"content":{"rendered":"\n<p class=\"has-white-color has-text-color\">Titel <\/p>\n\n\n\n<p><\/p>\n\n\n\n<p class=\"has-vivid-red-color has-text-color\" style=\"font-size:40px\">EINVERWANDELN<\/p>\n\n\n\n<p class=\"has-vivid-red-color has-text-color\" id=\"block-d195785b-8726-45ba-a35d-3a9cfa404f6a\" style=\"font-size:29px\">Die drei Konzerte der n\u00e4chsten Saison des \u00b4Dialogs der K\u00fcnste\u00b4 unter dem Thema \u00b4Einverwandeln\u00b4 konzentrieren sich auf musikalische Werke, denen in besonderer Intensit\u00e4t thematische Inhalte eingeschrieben sind.&nbsp;Die Musik dient hier suggestiv dem Erschaffen eines bestimmten Ph\u00e4nomens, einer speziellen Stimmung oder der Verwandlung literarischer Aussagen.<\/p>\n\n\n\n<p class=\"has-vivid-red-color has-text-color\" style=\"font-size:29px\">Es geht um die Faszination, dass durch musikalische Transformation, das In-Ton-Setzen durch den Komponisten und zwingend die interpretierenden Musiker, Musik mehr ist als der abstrakt-sch\u00f6pferische Umgang mit Motiven, Melodien, Harmonien oder modernen Ans\u00e4tzen, um ein individuelle Klangsprache zu bilden wie es streng genommen die sogenannte absolute Musik fordert. <\/p>\n\n\n\n<p class=\"has-vivid-red-color has-text-color\" style=\"font-size:29px\">Die Musik wird in diesen Werken im Zusammenhang mit dem Titel, der entstehenden Atmosph\u00e4re oder in synergetischen Wechselwirkung mit Texten zu einem wahrhaftigen Klangk\u00f6rper, einem mehrdimensionalen Kunstwerk, dessen \u00e4u\u00dfere Gestalt und eingeschriebener Geist sich gegenseitig bedingen, ja geradezu ineinander verschmelzen. Die Musik hier wird hier auch zum Vermittler des Unsagbaren und schafft so eine besondere Verbindung zwischen Komponisten, Interpreten und Zuh\u00f6rer.<\/p>\n\n\n\n<p>_______________<\/p>\n\n\n\n<p class=\"has-luminous-vivid-amber-color has-text-color\" style=\"font-size:29px\"><\/p>\n\n\n\n<figure class=\"wp-block-image size-full\"><img loading=\"lazy\" decoding=\"async\" width=\"1772\" height=\"2501\" src=\"https:\/\/dialog-der-kuenste.de\/wp-content\/uploads\/2023\/08\/Plakat_240923_net.jpg\" alt=\"\" class=\"wp-image-1621\" srcset=\"https:\/\/dialog-der-kuenste.de\/wp-content\/uploads\/2023\/08\/Plakat_240923_net.jpg 1772w, https:\/\/dialog-der-kuenste.de\/wp-content\/uploads\/2023\/08\/Plakat_240923_net-213x300.jpg 213w, https:\/\/dialog-der-kuenste.de\/wp-content\/uploads\/2023\/08\/Plakat_240923_net-726x1024.jpg 726w, https:\/\/dialog-der-kuenste.de\/wp-content\/uploads\/2023\/08\/Plakat_240923_net-768x1084.jpg 768w, https:\/\/dialog-der-kuenste.de\/wp-content\/uploads\/2023\/08\/Plakat_240923_net-1088x1536.jpg 1088w, https:\/\/dialog-der-kuenste.de\/wp-content\/uploads\/2023\/08\/Plakat_240923_net-1451x2048.jpg 1451w\" sizes=\"(max-width: 1772px) 100vw, 1772px\" \/><figcaption class=\"wp-element-caption\"><br><br><\/figcaption><\/figure>\n\n\n\n<p>_______________<\/p>\n\n\n\n<p class=\"has-black-color has-text-color\" style=\"font-size:29px\">VERGANGENE KONZERTE:<\/p>\n\n\n\n<figure class=\"wp-block-image size-full\"><img loading=\"lazy\" decoding=\"async\" width=\"1813\" height=\"2560\" src=\"https:\/\/dialog-der-kuenste.de\/wp-content\/uploads\/2023\/03\/DdK_Plakat_070523-scaled.jpg\" alt=\"\" class=\"wp-image-1569\" srcset=\"https:\/\/dialog-der-kuenste.de\/wp-content\/uploads\/2023\/03\/DdK_Plakat_070523-scaled.jpg 1813w, https:\/\/dialog-der-kuenste.de\/wp-content\/uploads\/2023\/03\/DdK_Plakat_070523-213x300.jpg 213w, https:\/\/dialog-der-kuenste.de\/wp-content\/uploads\/2023\/03\/DdK_Plakat_070523-725x1024.jpg 725w, https:\/\/dialog-der-kuenste.de\/wp-content\/uploads\/2023\/03\/DdK_Plakat_070523-768x1084.jpg 768w, https:\/\/dialog-der-kuenste.de\/wp-content\/uploads\/2023\/03\/DdK_Plakat_070523-1088x1536.jpg 1088w, https:\/\/dialog-der-kuenste.de\/wp-content\/uploads\/2023\/03\/DdK_Plakat_070523-1451x2048.jpg 1451w\" sizes=\"(max-width: 1813px) 100vw, 1813px\" \/><\/figure>\n\n\n\n<p class=\"has-vivid-purple-color has-text-color\" style=\"font-size:44px\"><em>Glaubensklavier<\/em><\/p>\n\n\n\n<p class=\"has-vivid-purple-color has-text-color\" id=\"block-ba3ec0c4-d992-4c55-9028-02a733f8f02f\" style=\"font-size:34px\">7. Mai 2023 \u2013 18.00 Uhr<\/p>\n\n\n\n<p class=\"has-vivid-purple-color has-text-color\" id=\"block-ffea63d6-1d40-4ba7-85bb-77fd0efa97bf\" style=\"font-size:30px\">K\u00fcnstlerhaus \/ Joseph-Joachim-Saal, Sophienstr.  2, 30159 Hannover<\/p>\n\n\n\n<p class=\"has-vivid-red-color has-text-color\" style=\"font-size:28px\">( <a href=\"https:\/\/www.vvk-kuenstlerhaus.de\/cgi-bin\/showVera.pl?session=OVsq70tIb52sRCoN4jSv8KDnyJPcGHvgxau&amp;month=5\">Karten<\/a> )<\/p>\n\n\n\n<p class=\"has-white-color has-text-color\">o<\/p>\n\n\n\n<p class=\"has-vivid-purple-color has-text-color\" id=\"block-c2b49cb2-4fc7-4afc-931e-0c430024e6b4\" style=\"font-size:32px\">Franz LISZT (1811-1886)&nbsp;&nbsp;&nbsp;&nbsp;&nbsp;&nbsp;&nbsp;&nbsp;&nbsp;&nbsp;&nbsp;&nbsp;&nbsp;&nbsp;&nbsp;&nbsp;&nbsp;&nbsp;&nbsp;&nbsp;&nbsp;&nbsp;&nbsp;&nbsp;&nbsp;&nbsp;&nbsp;&nbsp;<\/p>\n\n\n\n<p class=\"has-vivid-purple-color has-text-color\" id=\"block-17c5e6e2-8fc6-470d-8df1-08c33bf0a940\" style=\"font-size:38px\">\u00b4Harmonies po\u00e9tiques et religeuses\u00b4&nbsp; <\/p>\n\n\n\n<p class=\"has-vivid-purple-color has-text-color\" id=\"block-17c5e6e2-8fc6-470d-8df1-08c33bf0a940\" style=\"font-size:28px\">&#8211; S. 173 f\u00fcr Klavier (1846-49)<\/p>\n\n\n\n<p class=\"has-white-color has-text-color\" style=\"font-size:12px\">o<\/p>\n\n\n\n<p class=\"has-vivid-purple-color has-text-color\" id=\"block-ac97abc2-b1e7-4c8e-9ca3-ca5743aa0637\" style=\"font-size:32px\">Olivier MESSIAEN (1908-92)<\/p>\n\n\n\n<p class=\"has-vivid-purple-color has-text-color\" style=\"font-size:38px\">\u00b4Vingt regards sur l\u00b4enfant-J\u00e9sus\u00b4  <\/p>\n\n\n\n<p class=\"has-vivid-purple-color has-text-color\" style=\"font-size:28px\">&#8211; f\u00fcr Klavier (1944)<\/p>\n\n\n\n<p class=\"has-vivid-red-color has-text-color\" id=\"block-ec9a7bf8-f605-4b33-b73d-7c6eb295743d\" style=\"font-size:28px\">_______________<\/p>\n\n\n\n<p class=\"has-vivid-purple-color has-text-color\" id=\"block-223a3ec3-0114-431e-b1c8-1d229ffd1cb5\" style=\"font-size:32px\">Klavier \u2013 Amir Tebenikhin, Hannover \/ Kasachstan<\/p>\n\n\n\n<p class=\"has-vivid-purple-color has-text-color\" id=\"block-90cf64d3-d8f2-4e77-b627-ed4d27349198\" style=\"font-size:32px\">Klavier \u2013 Johannes Nies, Hannover (<a href=\"https:\/\/www.johannes-nies.de\/\">Info<\/a>)<\/p>\n\n\n\n<p class=\"has-vivid-red-color has-text-color\" id=\"block-9f312542-ee57-4864-9565-fd25a0256089\" style=\"font-size:28px\">_______________<\/p>\n\n\n\n<p class=\"has-vivid-purple-color has-text-color\" style=\"font-size:29px\">Ein \u00fcberaus dialogischer Klavierabend von hoher Religiosit\u00e4t interpretiert von zwei vielfach ausgezeichneten Pianisten.<\/p>\n\n\n\n<p class=\"has-vivid-purple-color has-text-color\" style=\"font-size:29px\">Wir bringen ausgew\u00e4hlte St\u00fccke aus den gro\u00dfen, religi\u00f6s gepr\u00e4gten Klavierzyklen von Olivier Messiaen und Franz Liszt in wechselseitigen Zusammenhang. Beide Komponisten setzten sich in ihren Werken mit Glaubensfragen, religi\u00f6sen Themen und transzendentalen Welten auseinander.<\/p>\n\n\n\n<p class=\"has-vivid-purple-color has-text-color\" style=\"font-size:29px\">Bei dieser Betrachtung aus zwei Perspektiven vermischen sich die romantische Klangsprache Liszts mit der modernen Messiaens interpretiert von zwei Pianisten, die abwechselnd spielen werden, aber unter gegenseitigem Einfluss.<\/p>\n\n\n\n<p class=\"has-vivid-purple-color has-text-color\" style=\"font-size:29px\">Ein Konzertabend vertonten Glaubens  &#8211;  mit besonderem Impetus und intensiver Klangdichte. Unstet verdichtet Video-Art die musikalische Bekenntnisse.<\/p>\n\n\n\n<figure class=\"wp-block-image size-full\"><img loading=\"lazy\" decoding=\"async\" width=\"1772\" height=\"2501\" src=\"https:\/\/dialog-der-kuenste.de\/wp-content\/uploads\/2023\/02\/DdK_Plakat_040323_net.jpg\" alt=\"\" class=\"wp-image-1561\" srcset=\"https:\/\/dialog-der-kuenste.de\/wp-content\/uploads\/2023\/02\/DdK_Plakat_040323_net.jpg 1772w, https:\/\/dialog-der-kuenste.de\/wp-content\/uploads\/2023\/02\/DdK_Plakat_040323_net-213x300.jpg 213w, https:\/\/dialog-der-kuenste.de\/wp-content\/uploads\/2023\/02\/DdK_Plakat_040323_net-726x1024.jpg 726w, https:\/\/dialog-der-kuenste.de\/wp-content\/uploads\/2023\/02\/DdK_Plakat_040323_net-768x1084.jpg 768w, https:\/\/dialog-der-kuenste.de\/wp-content\/uploads\/2023\/02\/DdK_Plakat_040323_net-1088x1536.jpg 1088w, https:\/\/dialog-der-kuenste.de\/wp-content\/uploads\/2023\/02\/DdK_Plakat_040323_net-1451x2048.jpg 1451w\" sizes=\"(max-width: 1772px) 100vw, 1772px\" \/><\/figure>\n\n\n\n<p class=\"has-white-color has-text-color has-medium-font-size\">c<\/p>\n\n\n\n<p class=\"has-vivid-red-color has-text-color\" style=\"font-size:24px\"><span style=\"color: #666699;\"><em><span style=\"font-family: Times New Roman,serif;\"><span style=\"font-size: medium;\"><span style=\"font-family: Lucida Calligraphy,serif;\"><span style=\"font-size: xx-large;\"><span class=\"has-inline-color has-vivid-cyan-blue-color\">Schwanenges\u00e4nge <\/span><\/span><\/span><\/span><\/span><\/em><\/span><\/p>\n\n\n\n<p class=\"has-vivid-cyan-blue-color has-text-color\" id=\"block-ba3ec0c4-d992-4c55-9028-02a733f8f02f\" style=\"font-size:34px\">4. M\u00e4rz 2023 \u2013 18.00 Uhr<\/p>\n\n\n\n<p class=\"has-vivid-cyan-blue-color has-text-color\" id=\"block-ffea63d6-1d40-4ba7-85bb-77fd0efa97bf\" style=\"font-size:34px\">Neust\u00e4dter Hof- &amp; Stadtkirche, Rote Reihe 8, 30169 Hannover<\/p>\n\n\n\n<p class=\"has-vivid-red-color has-text-color\" id=\"block-7e9dd2fc-d9a9-4cfe-9a10-4a193bafd44e\" style=\"font-size:28px\">( <a href=\"https:\/\/www.vvk-kuenstlerhaus.de\/cgi-bin\/showVera.pl?session=OVsq70tIb52sRCoN4jSv8KDnyJPcGHvgxau&amp;month=3\">Karten<\/a> )<\/p>\n\n\n\n<p class=\"has-white-color has-text-color\" id=\"block-69e82573-00d1-461c-a104-fcc8bebbd5b4\">C<\/p>\n\n\n\n<p class=\"has-vivid-cyan-blue-color has-text-color\" id=\"block-c2b49cb2-4fc7-4afc-931e-0c430024e6b4\" style=\"font-size:32px\">Franz SCHUBERT (1797-1828)&nbsp;&nbsp;&nbsp;&nbsp;&nbsp;&nbsp;&nbsp;&nbsp;&nbsp;&nbsp;&nbsp;&nbsp;&nbsp;&nbsp;&nbsp;&nbsp;&nbsp;&nbsp;&nbsp;&nbsp;&nbsp;&nbsp;&nbsp;&nbsp;&nbsp;&nbsp;&nbsp;&nbsp;<\/p>\n\n\n\n<p class=\"has-vivid-cyan-blue-color has-text-color\" id=\"block-17c5e6e2-8fc6-470d-8df1-08c33bf0a940\" style=\"font-size:32px\">\u00b4Schwanengesang\u00b4&nbsp;  &#8211; Liederzyklus, D 957 (1828)<\/p>\n\n\n\n<p class=\"has-vivid-cyan-blue-color has-text-color\" id=\"block-ac97abc2-b1e7-4c8e-9ca3-ca5743aa0637\" style=\"font-size:32px\">Dmitri SCHOSTAKOWITSCH (1906-75)<\/p>\n\n\n\n<p class=\"has-vivid-cyan-blue-color has-text-color\" style=\"font-size:32px\">\u00b4Suite nach Gedichten von Michelangelo Buonarroti\u00b4  &#8211; Liederzyklus (1973-74)<\/p>\n\n\n\n<p class=\"has-vivid-red-color has-text-color\" id=\"block-ec9a7bf8-f605-4b33-b73d-7c6eb295743d\" style=\"font-size:28px\">_______________<\/p>\n\n\n\n<p class=\"has-vivid-cyan-blue-color has-text-color\" id=\"block-223a3ec3-0114-431e-b1c8-1d229ffd1cb5\" style=\"font-size:32px\">Bariton \u2013 Christoph Pohl, Semperoper Dresden (<a href=\"https:\/\/www.semperoper.de\/ensemble\/personen\/peid\/christoph-pohl\/280.html\">Info<\/a>)<\/p>\n\n\n\n<p class=\"has-vivid-cyan-blue-color has-text-color\" id=\"block-90cf64d3-d8f2-4e77-b627-ed4d27349198\" style=\"font-size:31px\">Klavier \u2013 Tobias Krampen, Bonn (<a href=\"https:\/\/tobiaskrampen.de\/\">Info<\/a>)<\/p>\n\n\n\n<p class=\"has-vivid-red-color has-text-color\" id=\"block-9f312542-ee57-4864-9565-fd25a0256089\" style=\"font-size:28px\">_______________<\/p>\n\n\n\n<p class=\"has-vivid-cyan-blue-color has-text-color\" id=\"block-1d6467d0-c367-4827-ae61-aff081f282fa\" style=\"font-size:29px\">Ein erweiterter, zwiegespr\u00e4chiger Liederabend mit dem letzten Liederzyklus Franz Schuberts und den Vertonungen von Michelangelos Gedichten aus Dmitri Schostakowitschs Sp\u00e4twerk.<\/p>\n\n\n\n<p class=\"has-vivid-cyan-blue-color has-text-color\" id=\"block-59c3a947-1c49-4a2a-b9b8-a453844e4869\" style=\"font-size:29px\">Beide Werke sind Zeugnisse sublimer Kompositionskunst der beiden gro\u00dfen Liedschaffenden und setzen sich mit essentiellen Themen der Menschheit, des Menschseins und der K\u00fcnstlerschaft auseinander, wenn auch \u00fcber teils naiv wirkende Sujets. Mit gro\u00dfem Ernst und tiefer Reflexion blicken die Komponisten wie auch die Schriftsteller der literarischen Werke auf das Leben. Die Musik ist hier niemals nur Begleiter oder Untermalung, sondern die Paralleldimension des literarischen Ausdrucks.<\/p>\n\n\n\n<p class=\"has-vivid-cyan-blue-color has-text-color\" id=\"block-7458b076-8331-4471-b5ff-1bfd106658e9\" style=\"font-size:29px\">Beide Zyklen sind k\u00fcnstlerische Sch\u00f6pfungen gr\u00f6\u00dftm\u00f6glicher Ganzheit und sinnen profund \u00fcber die Existenz und das Schicksal \u2013 ein Zenit musikalisch-literarischen Dualismus\u00b4.<\/p>\n\n\n\n<p>_______________<\/p>\n","protected":false},"excerpt":{"rendered":"<p>Titel EINVERWANDELN Die drei Konzerte der n\u00e4chsten Saison des \u00b4Dialogs der K\u00fcnste\u00b4 unter dem Thema \u00b4Einverwandeln\u00b4 konzentrieren sich auf musikalische Werke, denen in besonderer Intensit\u00e4t thematische Inhalte eingeschrieben sind.&nbsp;Die Musik dient hier suggestiv dem Erschaffen eines bestimmten Ph\u00e4nomens, einer speziellen Stimmung oder der Verwandlung literarischer Aussagen. Es geht um die Faszination, dass durch musikalische Transformation, &#8230; <span class=\"more\"><a class=\"more-link\" href=\"https:\/\/dialog-der-kuenste.de\/?page_id=1463\">[Read more&#8230;]<\/a><\/span><\/p>\n","protected":false},"author":1,"featured_media":0,"parent":0,"menu_order":3,"comment_status":"closed","ping_status":"closed","template":"page-full-width.php","meta":{"footnotes":""},"_links":{"self":[{"href":"https:\/\/dialog-der-kuenste.de\/index.php?rest_route=\/wp\/v2\/pages\/1463"}],"collection":[{"href":"https:\/\/dialog-der-kuenste.de\/index.php?rest_route=\/wp\/v2\/pages"}],"about":[{"href":"https:\/\/dialog-der-kuenste.de\/index.php?rest_route=\/wp\/v2\/types\/page"}],"author":[{"embeddable":true,"href":"https:\/\/dialog-der-kuenste.de\/index.php?rest_route=\/wp\/v2\/users\/1"}],"replies":[{"embeddable":true,"href":"https:\/\/dialog-der-kuenste.de\/index.php?rest_route=%2Fwp%2Fv2%2Fcomments&post=1463"}],"version-history":[{"count":76,"href":"https:\/\/dialog-der-kuenste.de\/index.php?rest_route=\/wp\/v2\/pages\/1463\/revisions"}],"predecessor-version":[{"id":1984,"href":"https:\/\/dialog-der-kuenste.de\/index.php?rest_route=\/wp\/v2\/pages\/1463\/revisions\/1984"}],"wp:attachment":[{"href":"https:\/\/dialog-der-kuenste.de\/index.php?rest_route=%2Fwp%2Fv2%2Fmedia&parent=1463"}],"curies":[{"name":"wp","href":"https:\/\/api.w.org\/{rel}","templated":true}]}}