{"id":1137,"date":"2021-11-29T10:25:55","date_gmt":"2021-11-29T10:25:55","guid":{"rendered":"https:\/\/dialog-der-kuenste.de\/?page_id=1137"},"modified":"2024-04-30T05:35:47","modified_gmt":"2024-04-30T05:35:47","slug":"saison-2022","status":"publish","type":"page","link":"https:\/\/dialog-der-kuenste.de\/?page_id=1137","title":{"rendered":"SAISON 2022"},"content":{"rendered":"\n<p class=\"has-white-color has-text-color\" style=\"font-size:12px\">sdf<\/p>\n\n\n\n<figure class=\"wp-block-image size-full\"><img loading=\"lazy\" decoding=\"async\" width=\"1772\" height=\"2501\" src=\"https:\/\/dialog-der-kuenste.de\/wp-content\/uploads\/2022\/08\/DdK_Plakat_051122.jpg\" alt=\"\" class=\"wp-image-1390\" srcset=\"https:\/\/dialog-der-kuenste.de\/wp-content\/uploads\/2022\/08\/DdK_Plakat_051122.jpg 1772w, https:\/\/dialog-der-kuenste.de\/wp-content\/uploads\/2022\/08\/DdK_Plakat_051122-213x300.jpg 213w, https:\/\/dialog-der-kuenste.de\/wp-content\/uploads\/2022\/08\/DdK_Plakat_051122-726x1024.jpg 726w, https:\/\/dialog-der-kuenste.de\/wp-content\/uploads\/2022\/08\/DdK_Plakat_051122-768x1084.jpg 768w, https:\/\/dialog-der-kuenste.de\/wp-content\/uploads\/2022\/08\/DdK_Plakat_051122-1088x1536.jpg 1088w, https:\/\/dialog-der-kuenste.de\/wp-content\/uploads\/2022\/08\/DdK_Plakat_051122-1451x2048.jpg 1451w\" sizes=\"(max-width: 1772px) 100vw, 1772px\" \/><\/figure>\n\n\n\n<p class=\"has-text-align-center has-vivid-purple-color has-text-color has-huge-font-size\">5. November 2022 \u2013 19.00 Uhr<\/p>\n\n\n\n<p class=\"has-text-align-center has-vivid-purple-color has-text-color has-huge-font-size\">K\u00fcnstlerhaus \/ Ramberg-Saal<\/p>\n\n\n\n<p class=\"has-text-align-center has-vivid-purple-color has-text-color has-huge-font-size\">Sophienstra\u00dfe 2, 30159 Hannover<\/p>\n\n\n\n<p class=\"has-text-align-center has-vivid-purple-color has-text-color\" style=\"font-size:32px\">( <a href=\"https:\/\/www.vvk-kuenstlerhaus.de\/cgi-bin\/showVera.pl?session=FFTV9UDgefMbulV4snfAek6ro9WYcaNgZRTfZHjuD&amp;month=11\">Karten<\/a> )<\/p>\n\n\n\n<p class=\"has-white-color has-text-color\">C<\/p>\n\n\n\n<p class=\"has-vivid-purple-color has-text-color\" style=\"font-size:38px\">Oscar WILDE  (1854-1900)&nbsp;&nbsp;&nbsp;&nbsp;&nbsp;&nbsp;&nbsp;&nbsp;&nbsp;&nbsp;&nbsp;&nbsp;&nbsp;&nbsp;&nbsp;&nbsp;&nbsp;&nbsp;&nbsp;&nbsp;&nbsp;&nbsp;&nbsp;&nbsp;&nbsp;&nbsp;&nbsp;&nbsp;<\/p>\n\n\n\n<p class=\"has-vivid-purple-color has-text-color\" style=\"font-size:30px\">\u00b4De profundis\u00b4 &nbsp;(1897) &#8211; Brief-Monolog<\/p>\n\n\n\n<p class=\"has-white-color has-text-color\" style=\"font-size:24px\"><\/p>\n\n\n\n<p class=\"has-text-align-left has-vivid-purple-color has-text-color\" style=\"font-size:30px\">         <em>mit Musik von<\/em><\/p>\n\n\n\n<p class=\"has-vivid-purple-color has-text-color\" style=\"font-size:32px\">Sofia GUBAIDULINA &nbsp;(*1931)<\/p>\n\n\n\n<p class=\"has-vivid-purple-color has-text-color\" style=\"font-size:32px\">Richard STRAUSS &nbsp;(1864-1949)<\/p>\n\n\n\n<p class=\"has-vivid-purple-color has-text-color\" style=\"font-size:32px\">Felix LEUSCHNER (*1978) <em>&#8211; musste uns leider absagen!<\/em><\/p>\n\n\n\n<p class=\"has-vivid-purple-color has-text-color\" style=\"font-size:28px\">_______________<\/p>\n\n\n\n<p class=\"has-vivid-purple-color has-text-color\" style=\"font-size:28px\">Rezitation \u2013 Wolf List, Nds. Staatstheater Hannover (<a href=\"https:\/\/staatstheater-hannover.de\/de_DE\/ensemble-schauspiel\/wolf-list.168992\">Info<\/a>)<\/p>\n\n\n\n<p class=\"has-vivid-purple-color has-text-color\" style=\"font-size:28px\">Electronica \u2013 Felix Leuschner, M\u00fcnchen (<a href=\"http:\/\/felixleuschner.de\/\">Info<\/a>)<\/p>\n\n\n\n<p class=\"has-vivid-purple-color has-text-color\" style=\"font-size:28px\">Bajan \u2013 Kostyantin Burjan, Hannover<\/p>\n\n\n\n<p class=\"has-vivid-purple-color has-text-color\" style=\"font-size:28px\">Video-Artist \u2013 Tosh Leykum, Hannover (<a href=\"http:\/\/tosh-leykum.de\/\">Info<\/a>)<\/p>\n\n\n\n<p class=\"has-vivid-purple-color has-text-color\" style=\"font-size:28px\">_______________<\/p>\n\n\n\n<p class=\"has-vivid-purple-color has-text-color\" style=\"font-size:30px\">Oscar Wildes riesiger Bekenntnisbrief, den der f\u00fcr zwei Jahre wegen Unzucht im Zuchthaus eingesperrte Freigeist an seinen langj\u00e4hrigen Liebhaber schrieb, als halb\u2013szenische, hybride Rezitation.<\/p>\n\n\n\n<p class=\"has-vivid-purple-color has-text-color\" style=\"font-size:30px\">Wilde, gefeiert und verehrter Erfolgsautor und Dandy, wurde wegen Homosexualit\u00e4t vor Gericht gestellt. Mit dem Sohn des Kl\u00e4gers hatte er eine vier Jahre dauernde, qu\u00e4lende Beziehung gehabt. Vom Geliebten verraten und fallen gelassen, zur Freiheitsstrafe und Zwangsarbeit verurteilt, denkt Wilde jedoch nicht daran, ins Schweigen des Gebrochenen zu verfallen. Allein gelassen und ge\u00e4chtet, schreibt er mit \u00b4De profundis\u00b4 eine vielf\u00e4ltigst reflektierte, verzweifelt leidenschaftliche Abrechnung nieder, die an Emotionalit\u00e4t und literarischen Genie ihresgleichen sucht.<\/p>\n\n\n\n<p class=\"has-vivid-purple-color has-text-color\" style=\"font-size:30px\">Hier erschafft der gro\u00dfe Dichter keine Fiktion, sondern erlaubt eine wahrhaftige Offenbarung und damit einen unmittelbaren und entbl\u00f6\u00dfenden Einblick in sein Innerstes. Es ist ein wahrhafter literarischer Aderlass des zutiefst verletzten und erniedrigten, gro\u00dfen Geistes.<\/p>\n\n\n\n<p class=\"has-vivid-purple-color has-text-color\" style=\"font-size:30px\">Die Auff\u00fchrung des Textes wird verbunden mit fragmentarisch gespielten musikalischen Werken von Sofia Gubaidulina, Richard Strauss und vom zeitgen\u00f6ssischen Komponisten Felix Leuschner &#8211; unstet begleitet durch abstrakte Video-Art von Tosh Leykum.<\/p>\n\n\n\n<p class=\"has-white-color has-text-color has-medium-font-size\">sdfsafdss<\/p>\n\n\n\n<p style=\"font-size:18px\">___________________________________________________________________<\/p>\n\n\n\n<p style=\"font-size:38px\">Vergangene Konzerte in dieser Saison:<\/p>\n\n\n\n<p class=\"has-vivid-purple-color has-text-color\" style=\"font-size:30px\"><\/p>\n\n\n\n<figure class=\"wp-block-image size-full\"><img loading=\"lazy\" decoding=\"async\" width=\"1772\" height=\"2501\" src=\"https:\/\/dialog-der-kuenste.de\/wp-content\/uploads\/2021\/12\/DdK_Plakat_Winterreise_130222.jpg\" alt=\"\" class=\"wp-image-1167\" srcset=\"https:\/\/dialog-der-kuenste.de\/wp-content\/uploads\/2021\/12\/DdK_Plakat_Winterreise_130222.jpg 1772w, https:\/\/dialog-der-kuenste.de\/wp-content\/uploads\/2021\/12\/DdK_Plakat_Winterreise_130222-213x300.jpg 213w, https:\/\/dialog-der-kuenste.de\/wp-content\/uploads\/2021\/12\/DdK_Plakat_Winterreise_130222-726x1024.jpg 726w, https:\/\/dialog-der-kuenste.de\/wp-content\/uploads\/2021\/12\/DdK_Plakat_Winterreise_130222-768x1084.jpg 768w, https:\/\/dialog-der-kuenste.de\/wp-content\/uploads\/2021\/12\/DdK_Plakat_Winterreise_130222-1088x1536.jpg 1088w, https:\/\/dialog-der-kuenste.de\/wp-content\/uploads\/2021\/12\/DdK_Plakat_Winterreise_130222-1451x2048.jpg 1451w\" sizes=\"(max-width: 1772px) 100vw, 1772px\" \/><\/figure>\n\n\n\n<p class=\"has-text-align-center has-black-color has-text-color\" style=\"font-size:32px\">27. Februar 2022 \u2013 17.00 Uhr \u2013 Neust\u00e4dter Hof- und Stadtkirche<\/p>\n\n\n\n<p class=\"has-text-align-center has-black-color has-text-color\" style=\"font-size:32px\">Rote Reihe 8, 30169 Hannover<\/p>\n\n\n\n<p class=\"has-text-align-center\" style=\"font-size:26px\"><\/p>\n\n\n\n<p class=\"has-black-color has-text-color\" style=\"font-size:30px\">Franz SCHUBERT (1797-1828)&nbsp;&nbsp;&nbsp;&nbsp;&nbsp;<\/p>\n\n\n\n<p class=\"has-black-color has-text-color\" style=\"font-size:30px\">\u00b4Winterreise\u00b4 &#8211; Liederzyklus, D 911 (1827)<\/p>\n\n\n\n<p class=\"has-black-color has-text-color\" style=\"font-size:30px\">Toru TAKEMITSU&nbsp;(1930-1996)&nbsp;&nbsp;&nbsp;&nbsp;&nbsp;&nbsp;<\/p>\n\n\n\n<p class=\"has-black-color has-text-color\" style=\"font-size:30px\">\u00b4A bird came down the walk\u00b4 f\u00fcr Viola &amp; Klavier (1994)<\/p>\n\n\n\n<p class=\"has-black-color has-text-color\" style=\"font-size:30px\">\u00b4From far beyond Chrysanthemums and November fog\u00b4 f\u00fcr Violine &amp; Klavier (1983)<\/p>\n\n\n\n<p class=\"has-black-color has-text-color\" style=\"font-size:30px\">______________________<\/p>\n\n\n\n<p class=\"has-black-color has-text-color\" style=\"font-size:30px\">Bariton \u2013 Christoph Pohl, Semperoper Dresden   <a href=\"https:\/\/pohl-christoph.de\/de\/\">(Info)<\/a><\/p>\n\n\n\n<p class=\"has-black-color has-text-color\" style=\"font-size:30px\">Klavier \u2013 Tobias Krampen, K\u00f6ln   <a href=\"https:\/\/tobiaskrampen.de\">(Info)<\/a><\/p>\n\n\n\n<p class=\"has-black-color has-text-color\" style=\"font-size:30px\">Violine\/Viola \u2013 Kana Sugimura, HMTM Hannover   <a href=\"https:\/\/flexensemble.com\/flex\/\">(Info)<\/a><\/p>\n\n\n\n<p class=\"has-black-color has-text-color\" style=\"font-size:30px\">______________________<\/p>\n\n\n\n<p class=\"has-black-color has-text-color\" style=\"font-size:30px\">Franz Schuberts dramatisch-elegischer Liederzyklus \u2013 in Verbindung mit Werken von Toru Takemitsu und Lichteffekten minimal in Szene gesetzt.&nbsp;<\/p>\n\n\n\n<p class=\"has-black-color has-text-color\" style=\"font-size:30px\">Die 24 schaurig-sch\u00f6nen Lieder voller Melancholie erz\u00e4hlen von der Wanderung eines von verlorener Liebe ersch\u00fctterten, jungen Mannes durch eine Winterlandschaft und zeugen sicherlich auch von dem unerf\u00fcllten Liebesleben des eigentlich noch jungen Schubert, vielleicht sogar in Wehmut der Vorahnung seines baldigen, pl\u00f6tzlichen Endes.<\/p>\n\n\n\n<p class=\"has-black-color has-text-color\" style=\"font-size:30px\">Die \u00b4Winterreise\u00b4 ist eines der eindrucksvollsten Meisterwerke des Geistes der Romantik. Auf dem trostlos, verzaubernd tristen Weg kommt es zu wenigen Begegnungen und Scheinbekanntschaften, die den Erz\u00e4hler aber einsam und hoffnungslos weiterreisen lassen.&nbsp;<\/p>\n\n\n\n<p class=\"has-black-color has-text-color\" style=\"font-size:30px\">Diese in Zeit und Raum scheinbar nicht fortkommende, fatal ausweglose Flucht, wird durch Momente zeitlos-entr\u00fcckter musikalischer Zwischenspiele ges\u00e4umt, die einen inneren Dialog andeuten. Oder ist es die Stimme einer baldigen Liebe, der Ruf eines Tieres, das ihn leiten will, oder sind es schon Wahnvorstellungen? Der Reisende jedoch scheint von allen verlassen und bleibt allein.<\/p>\n\n\n\n<p><\/p>\n\n\n\n<p class=\"has-white-color has-text-color\" style=\"font-size:30px\">asdaddas<\/p>\n\n\n\n<figure class=\"wp-block-image size-full\"><img loading=\"lazy\" decoding=\"async\" width=\"1814\" height=\"2560\" src=\"https:\/\/dialog-der-kuenste.de\/wp-content\/uploads\/2022\/06\/DdK_Plakat_021022-scaled.jpg\" alt=\"\" class=\"wp-image-1307\" srcset=\"https:\/\/dialog-der-kuenste.de\/wp-content\/uploads\/2022\/06\/DdK_Plakat_021022-scaled.jpg 1814w, https:\/\/dialog-der-kuenste.de\/wp-content\/uploads\/2022\/06\/DdK_Plakat_021022-213x300.jpg 213w, https:\/\/dialog-der-kuenste.de\/wp-content\/uploads\/2022\/06\/DdK_Plakat_021022-725x1024.jpg 725w, https:\/\/dialog-der-kuenste.de\/wp-content\/uploads\/2022\/06\/DdK_Plakat_021022-768x1084.jpg 768w, https:\/\/dialog-der-kuenste.de\/wp-content\/uploads\/2022\/06\/DdK_Plakat_021022-1088x1536.jpg 1088w, https:\/\/dialog-der-kuenste.de\/wp-content\/uploads\/2022\/06\/DdK_Plakat_021022-1451x2048.jpg 1451w\" sizes=\"(max-width: 1814px) 100vw, 1814px\" \/><\/figure>\n\n\n\n<p class=\"has-text-align-center has-vivid-red-color has-text-color\" style=\"font-size:40px\">2. Oktober 2022 \u2013 18.00 Uhr \u2013 Kreuzkirche, Altstadt<\/p>\n\n\n\n<p class=\"has-text-align-center has-vivid-red-color has-text-color\" style=\"font-size:40px\">Kreuzkirchhof 3, 30159 Hannover<\/p>\n\n\n\n<p class=\"has-vivid-red-color has-text-color\" style=\"font-size:34px\">Franz SCHUBERT (1797-1828)&nbsp;&nbsp;&nbsp;&nbsp;&nbsp;&nbsp;&nbsp;<\/p>\n\n\n\n<p class=\"has-vivid-red-color has-text-color\" style=\"font-size:30px\">Streichquintett in C-Dur, D 956 &nbsp;(1828)<\/p>\n\n\n\n<p class=\"has-vivid-red-color has-text-color\" style=\"font-size:34px\">Einojuhani RAUTAVAARA&nbsp; (1928-2016)<\/p>\n\n\n\n<p class=\"has-vivid-red-color has-text-color\" style=\"font-size:30px\">Streichquintett \u00b4Unknown Heavens\u00b4 (1997)<\/p>\n\n\n\n<p class=\"has-vivid-red-color has-text-color\" style=\"font-size:34px\">Kalevi Ensio AHO&nbsp; (*1949)<\/p>\n\n\n\n<p class=\"has-vivid-red-color has-text-color\" style=\"font-size:30px\">\u00b4Hommage \u00e0 Schubert\u00b4 &#8211; Streichquintett &nbsp;(2008\/09) &#8211; <em>entf\u00e4llt leider wegen krankheitsbedingter Umbesetzung! <\/em><\/p>\n\n\n\n<p class=\"has-vivid-red-color has-text-color\" style=\"font-size:28px\">_______________<\/p>\n\n\n\n<p class=\"has-vivid-red-color has-text-color\" style=\"font-size:28px\">Violine I \u2013 Lucja Madziar, Konzertmeisterin \u2013 Nds. Staatsorchester (<a href=\"https:\/\/www.lucjamadziar.com\/de\">Info<\/a>)<\/p>\n\n\n\n<p class=\"has-vivid-red-color has-text-color\" style=\"font-size:28px\">Violine II \u2013 Kana Sugimura, Flex Ensemble \u2013 Hannover (<a href=\"https:\/\/flexensemble.com\/\">Info<\/a>)<\/p>\n\n\n\n<p class=\"has-vivid-red-color has-text-color\" style=\"font-size:28px\">Viola \u2013 Anna Szulc, Flex Ensemble \u2013 Hannover (<a href=\"https:\/\/flexensemble.com\/\">Info<\/a>)<\/p>\n\n\n\n<p class=\"has-vivid-red-color has-text-color\" style=\"font-size:28px\">Cello I \u2013 Nikolai Schneider, Solist \u2013 NDR Radiophilharmonie (<a href=\"https:\/\/www.ndr.de\/orchester_chor\/radiophilharmonie\/Nikolai-Schneider,schneider766.html\">Info<\/a>)<\/p>\n\n\n\n<p class=\"has-vivid-red-color has-text-color\" style=\"font-size:28px\">Cello II \u2013 Martha Bijlsma, Flex Ensemble \u2013 Hannover (<a href=\"https:\/\/flexensemble.com\/\">Info<\/a>)<\/p>\n\n\n\n<p class=\"has-vivid-red-color has-text-color\" style=\"font-size:28px\">Projektion \u2013 C. K.<\/p>\n\n\n\n<p class=\"has-vivid-red-color has-text-color\" style=\"font-size:28px\">_______________<\/p>\n\n\n\n<p class=\"has-vivid-red-color has-text-color\" style=\"font-size:30px\">Franz Schuberts enormes Streichquintett aus seinem Sp\u00e4twerk steht im Zentrum dieses Kammerkonzertabends. Es wurde vermutlich im September 1828 kom\u00adponiert, zwei Monate vor Schuberts Tod. Bezeichnend ist, dass es zu seinen Lebzeiten nicht mehr aufgef\u00fchrt wurde.<\/p>\n\n\n\n<p class=\"has-vivid-red-color has-text-color\" style=\"font-size:30px\">Das Quintett ist ein Werk von \u00fcberbordender Musikalit\u00e4t, faszinierendem Ideenreichtum und mannig\u00adfaltigen Stimmungen. Der Musikkritiker Joachim Kaiser schreibt: <em>\u201eDas Werk nimmt einen singul\u00e4ren Platz in Schuberts Schaffen, ja gar in der Musikliteratur ein. Es ist r\u00e4tselhaft, und es ist vollendet&#8230; Mit Worten kann kein Mensch das t\u00f6nende Mysterium dieses Werkes v\u00f6llig entr\u00e4tseln &#8230;\u201c<\/em><\/p>\n\n\n\n<p class=\"has-vivid-red-color has-text-color\" style=\"font-size:30px\">Wir verneigen uns vor Franz Schubert auch mit Kalevi Ahos zeitgen\u00f6ssischer \u00b4Hommage \u00e0 Schubert\u00b4, die dieser f\u00fcr die gleiche Besetzung komponierte, verbunden mit dem Streichquintett seines Landmanns Einojuhani Rautavaara, das \u201eunbekannte Himmel\u201c malt und dessen Schlu\u00dfsatz sich am Ende <em>ad astra<\/em> \u2013 nach oben \u2013 aufl\u00f6st. Der Geist Schuberts in den modernen Weiten finnischer Musik. Welche musikalischen Sph\u00e4ren er wohl noch erschlossen h\u00e4tte?!<\/p>\n\n\n\n<p class=\"has-vivid-red-color has-text-color\" style=\"font-size:30px\">Die Musik spielt inmitten einer sph\u00e4rischen Projektion, die Einblicke in Schuberts Leben gibt.<\/p>\n","protected":false},"excerpt":{"rendered":"<p>sdf 5. November 2022 \u2013 19.00 Uhr K\u00fcnstlerhaus \/ Ramberg-Saal Sophienstra\u00dfe 2, 30159 Hannover ( Karten ) C Oscar WILDE (1854-1900)&nbsp;&nbsp;&nbsp;&nbsp;&nbsp;&nbsp;&nbsp;&nbsp;&nbsp;&nbsp;&nbsp;&nbsp;&nbsp;&nbsp;&nbsp;&nbsp;&nbsp;&nbsp;&nbsp;&nbsp;&nbsp;&nbsp;&nbsp;&nbsp;&nbsp;&nbsp;&nbsp;&nbsp; \u00b4De profundis\u00b4 &nbsp;(1897) &#8211; Brief-Monolog mit Musik von Sofia GUBAIDULINA &nbsp;(*1931) Richard STRAUSS &nbsp;(1864-1949) Felix LEUSCHNER (*1978) &#8211; musste uns leider absagen! _______________ Rezitation \u2013 Wolf List, Nds. Staatstheater Hannover (Info) Electronica \u2013 Felix &#8230; <span class=\"more\"><a class=\"more-link\" href=\"https:\/\/dialog-der-kuenste.de\/?page_id=1137\">[Read more&#8230;]<\/a><\/span><\/p>\n","protected":false},"author":1,"featured_media":0,"parent":0,"menu_order":4,"comment_status":"closed","ping_status":"closed","template":"page-full-width.php","meta":{"footnotes":""},"_links":{"self":[{"href":"https:\/\/dialog-der-kuenste.de\/index.php?rest_route=\/wp\/v2\/pages\/1137"}],"collection":[{"href":"https:\/\/dialog-der-kuenste.de\/index.php?rest_route=\/wp\/v2\/pages"}],"about":[{"href":"https:\/\/dialog-der-kuenste.de\/index.php?rest_route=\/wp\/v2\/types\/page"}],"author":[{"embeddable":true,"href":"https:\/\/dialog-der-kuenste.de\/index.php?rest_route=\/wp\/v2\/users\/1"}],"replies":[{"embeddable":true,"href":"https:\/\/dialog-der-kuenste.de\/index.php?rest_route=%2Fwp%2Fv2%2Fcomments&post=1137"}],"version-history":[{"count":103,"href":"https:\/\/dialog-der-kuenste.de\/index.php?rest_route=\/wp\/v2\/pages\/1137\/revisions"}],"predecessor-version":[{"id":1724,"href":"https:\/\/dialog-der-kuenste.de\/index.php?rest_route=\/wp\/v2\/pages\/1137\/revisions\/1724"}],"wp:attachment":[{"href":"https:\/\/dialog-der-kuenste.de\/index.php?rest_route=%2Fwp%2Fv2%2Fmedia&parent=1137"}],"curies":[{"name":"wp","href":"https:\/\/api.w.org\/{rel}","templated":true}]}}